{"id":8054,"date":"2025-03-29T19:22:59","date_gmt":"2025-03-29T16:22:59","guid":{"rendered":"https:\/\/bayrakcimetal.com.tr\/?page_id=8054"},"modified":"2025-09-15T11:49:55","modified_gmt":"2025-09-15T08:49:55","slug":"kontrol","status":"publish","type":"page","link":"https:\/\/bayrakcimetal.com.tr\/ar\/kontrol\/","title":{"rendered":"\u0627\u0644\u062a\u062d\u0643\u0645"},"content":{"rendered":"<div data-elementor-type=\"wp-page\" data-elementor-id=\"8054\" class=\"elementor elementor-8054\" data-elementor-post-type=\"page\">\n\t\t\t\t<div class=\"elementor-element elementor-element-03cc2a9 e-flex e-con-boxed sc_layouts_column_icons_position_left e-con e-parent\" data-id=\"03cc2a9\" data-element_type=\"container\">\n\t\t\t\t\t<div class=\"e-con-inner\">\n\t\t\t\t<div class=\"elementor-element elementor-element-c2bbb2b sc_height_tiny elementor-widget__width-inherit exad-sticky-section-no exad-glass-effect-no elementor-widget elementor-widget-spacer\" data-id=\"c2bbb2b\" data-element_type=\"widget\" data-widget_type=\"spacer.default\">\n\t\t\t\t\t\t\t<div class=\"elementor-spacer\">\n\t\t\t<div class=\"elementor-spacer-inner\"><\/div>\n\t\t<\/div>\n\t\t\t\t\t\t<\/div>\n\t\t\t\t\t<\/div>\n\t\t\t\t<\/div>\n\t\t\t\t<section data-exad-particle-enable=\"false\" class=\"elementor-section elementor-top-section elementor-element elementor-element-48eb3758 elementor-section-boxed elementor-section-height-default elementor-section-height-default exad-parallax-effect-no exad-background-color-change-no exad-glass-effect-no exad-sticky-section-no sc_fly_static\" data-id=\"48eb3758\" data-element_type=\"section\" data-settings=\"{&quot;background_background&quot;:&quot;classic&quot;}\">\n\t\t\t\t\t\t<div class=\"elementor-container elementor-column-gap-extended\">\n\t\t\t\t\t<div class=\"elementor-column elementor-col-50 elementor-top-column elementor-element elementor-element-1049d703 sc_content_align_inherit sc_layouts_column_icons_position_left exad-glass-effect-no exad-sticky-section-no sc_fly_static\" data-id=\"1049d703\" data-element_type=\"column\">\n\t\t\t<div class=\"elementor-widget-wrap elementor-element-populated\">\n\t\t\t\t\t\t<div class=\"elementor-element elementor-element-2af24557 elementor-pagination-position-inside elementor-widget__width-initial elementor-arrows-position-inside exad-sticky-section-no exad-glass-effect-no elementor-widget elementor-widget-image-carousel\" data-id=\"2af24557\" data-element_type=\"widget\" data-settings=\"{&quot;slides_to_show&quot;:&quot;1&quot;,&quot;navigation&quot;:&quot;both&quot;,&quot;autoplay&quot;:&quot;yes&quot;,&quot;pause_on_hover&quot;:&quot;yes&quot;,&quot;pause_on_interaction&quot;:&quot;yes&quot;,&quot;autoplay_speed&quot;:5000,&quot;infinite&quot;:&quot;yes&quot;,&quot;effect&quot;:&quot;slide&quot;,&quot;speed&quot;:500}\" data-widget_type=\"image-carousel.default\">\n\t\t\t\t\t\t\t<div class=\"elementor-image-carousel-wrapper swiper\" role=\"region\" aria-roledescription=\"carousel\" aria-label=\"Resim D\u00f6ng\u00fcs\u00fc\" dir=\"ltr\">\n\t\t\t<div class=\"elementor-image-carousel swiper-wrapper\" aria-live=\"off\">\n\t\t\t\t\t\t\t\t<div class=\"swiper-slide\" role=\"group\" aria-roledescription=\"slide\" aria-label=\"1 of 1\" data-no-translation-aria-label=\"\"><figure class=\"swiper-slide-inner\"><img decoding=\"async\" class=\"swiper-slide-image\" src=\"https:\/\/bayrakcimetal.com.tr\/wp-content\/uploads\/2025\/03\/kontrol.png\" alt=\"kontrol\" \/><\/figure><\/div>\t\t\t<\/div>\n\t\t\t\t\t<\/div>\n\t\t\t\t\t\t<\/div>\n\t\t\t\t<div class=\"elementor-element elementor-element-1d98f92 sc_height_tiny exad-sticky-section-no exad-glass-effect-no elementor-widget elementor-widget-spacer\" data-id=\"1d98f92\" data-element_type=\"widget\" data-widget_type=\"spacer.default\">\n\t\t\t\t\t\t\t<div class=\"elementor-spacer\">\n\t\t\t<div class=\"elementor-spacer-inner\"><\/div>\n\t\t<\/div>\n\t\t\t\t\t\t<\/div>\n\t\t\t\t\t<\/div>\n\t\t<\/div>\n\t\t\t\t<div class=\"elementor-column elementor-col-50 elementor-top-column elementor-element elementor-element-98aa5d7 sc_content_align_inherit sc_layouts_column_icons_position_left exad-glass-effect-no exad-sticky-section-no sc_fly_static\" data-id=\"98aa5d7\" data-element_type=\"column\">\n\t\t\t<div class=\"elementor-widget-wrap elementor-element-populated\">\n\t\t\t\t\t\t<div class=\"elementor-element elementor-element-df64577 sc_height_tiny exad-sticky-section-no exad-glass-effect-no elementor-widget elementor-widget-spacer\" data-id=\"df64577\" data-element_type=\"widget\" data-widget_type=\"spacer.default\">\n\t\t\t\t\t\t\t<div class=\"elementor-spacer\">\n\t\t\t<div class=\"elementor-spacer-inner\"><\/div>\n\t\t<\/div>\n\t\t\t\t\t\t<\/div>\n\t\t\t\t<div class=\"elementor-element elementor-element-e2ae414 elementor-widget__width-initial exad-sticky-section-no exad-glass-effect-no sc_fly_static elementor-widget elementor-widget-trx_sc_title\" data-id=\"e2ae414\" data-element_type=\"widget\" data-widget_type=\"trx_sc_title.default\">\n\t\t\t\t<div class=\"elementor-widget-container\">\n\t\t\t\t\t<div\t\tclass=\"sc_title sc_title_default\" ><h1 class=\"sc_item_title sc_title_title sc_item_title_style_default sc_item_title_tag\"\n\t\t\t><span class=\"sc_item_title_text\">\u0627\u0644\u062a\u062d\u0643\u0645 - \u0627\u062e\u062a\u0628\u0627\u0631 \u0627\u0644\u062a\u062d\u0645\u064a\u0644 \u0648\u0627\u062e\u062a\u0628\u0627\u0631 \u0627\u0644\u0644\u062d\u0627\u0645 \u0648\u0627\u0644\u0635\u064a\u0627\u0646\u0629<\/span><\/h1><div class=\"sc_item_descr sc_title_descr\"><p>\u0627\u0644\u062a\u062d\u0643\u0645 - \u0627\u062e\u062a\u0628\u0627\u0631 \u0627\u0644\u062a\u062d\u0645\u064a\u0644 \u0648\u0627\u062e\u062a\u0628\u0627\u0631 \u0627\u0644\u0644\u062d\u0627\u0645 \u0648\u0627\u0644\u0635\u064a\u0627\u0646\u0629 \u062a\u0646\u062a\u062c \u0634\u0631\u0643\u0629 Bayrak\u00e7\u0131 Metal \u0647\u064a\u0627\u0643\u0644 \u0637\u0648\u064a\u0644\u0629 \u0627\u0644\u0623\u0645\u062f \u0648\u0622\u0645\u0646\u0629 \u0645\u0639 \u062a\u0637\u0628\u064a\u0642 \u0623\u0646\u0638\u0645\u0629 \u0645\u0631\u0627\u0642\u0628\u0629 \u0627\u0644\u062c\u0648\u062f\u0629 \u0641\u064a \u0643\u0644 \u0645\u0631\u062d\u0644\u0629 \u0645\u0646 \u0645\u0631\u0627\u062d\u0644 \u0627\u0644\u0625\u0646\u062a\u0627\u062c. \u0641\u0644\u0633\u0641\u062a\u0646\u0627 \u0641\u064a \u0627\u0644\u0625\u0646\u062a\u0627\u062c \u0627\u0644\u062e\u0627\u0636\u0639 \u0644\u0644\u0631\u0642\u0627\u0628\u0629\u060c \u0644\u064a\u0633 \u0641\u0642\u0637 \u0623\u062b\u0646\u0627\u0621 \u0627\u0644\u0625\u0646\u062a\u0627\u062c...<\/p>\n<\/div><\/div>\t\t\t\t<\/div>\n\t\t\t\t<\/div>\n\t\t\t\t<div class=\"elementor-element elementor-element-7c70168 sc_height_tiny exad-sticky-section-no exad-glass-effect-no elementor-widget elementor-widget-spacer\" data-id=\"7c70168\" data-element_type=\"widget\" data-widget_type=\"spacer.default\">\n\t\t\t\t\t\t\t<div class=\"elementor-spacer\">\n\t\t\t<div class=\"elementor-spacer-inner\"><\/div>\n\t\t<\/div>\n\t\t\t\t\t\t<\/div>\n\t\t\t\t<div class=\"elementor-element elementor-element-e42582f exad-sticky-section-no exad-glass-effect-no elementor-widget elementor-widget-text-editor\" data-id=\"e42582f\" data-element_type=\"widget\" data-widget_type=\"text-editor.default\">\n\t\t\t\t\t\t\t\t\t<p>\u062a\u062e\u0636\u0639 \u0645\u0646\u062a\u062c\u0627\u062a\u0646\u0627 \u0644\u0627\u062e\u062a\u0628\u0627\u0631\u0627\u062a \u0627\u0644\u062a\u062d\u0645\u064a\u0644\u060c \u0648\u062a\u062d\u0644\u064a\u0644\u0627\u062a \u062f\u0631\u0632\u0627\u062a \u0627\u0644\u0644\u062d\u0627\u0645\u060c \u0648\u0627\u062e\u062a\u0628\u0627\u0631\u0627\u062a \u0627\u0644\u0637\u0644\u0627\u0621 \u0627\u0644\u0645\u062c\u0644\u0641\u0646 \u0648\u0642\u064a\u0627\u0633\u0627\u062a \u062f\u0642\u0629 \u0627\u0644\u0623\u0628\u0639\u0627\u062f. \u0628\u0627\u0644\u0625\u0636\u0627\u0641\u0629 \u0625\u0644\u0649 \u0630\u0644\u0643\u060c \u0641\u0625\u0646\u0646\u0627 \u0646\u062d\u0645\u064a \u0623\u062f\u0627\u0621 \u0627\u0644\u0647\u064a\u0627\u0643\u0644 \u0627\u0644\u062e\u0627\u0635\u0629 \u0628\u0643 \u0644\u0633\u0646\u0648\u0627\u062a \u0637\u0648\u064a\u0644\u0629 \u0645\u0646 \u062e\u0644\u0627\u0644 \u062e\u062f\u0645\u0627\u062a \u0627\u0644\u0635\u064a\u0627\u0646\u0629 \u0627\u0644\u062f\u0648\u0631\u064a\u0629 \u0648\u0627\u0644\u062a\u062c\u062f\u064a\u062f \u0627\u0644\u062a\u064a \u0646\u0642\u062f\u0645\u0647\u0627 \u062e\u0635\u064a\u0635\u0627\u064b \u0644\u0644\u0645\u0646\u0634\u0622\u062a \u0627\u0644\u0635\u0646\u0627\u0639\u064a\u0629.<\/p>\n<p>\u0646\u062d\u0646 \u0646\u0642\u062f\u0645 \u0646\u0647\u062c\u0627\u064b \u0634\u0641\u0627\u0641\u0627\u064b \u0641\u064a \u0627\u0644\u0625\u0646\u062a\u0627\u062c \u0645\u0646 \u062e\u0644\u0627\u0644 \u0634\u0647\u0627\u062f\u0627\u062a \u0627\u0644\u062c\u0648\u062f\u0629 \u0648\u062a\u0642\u0627\u0631\u064a\u0631 \u0627\u0644\u0627\u062e\u062a\u0628\u0627\u0631.<\/p>\n<p data-start=\"403\" data-end=\"656\"><!-- \/wp:paragraph --><!-- wp:paragraph --><\/p>\t\t\t\t\t\t\t\t<\/div>\n\t\t\t\t\t<\/div>\n\t\t<\/div>\n\t\t\t\t\t<\/div>\n\t\t<\/section>\n\t\t\t\t<section data-exad-particle-enable=\"false\" class=\"elementor-section elementor-top-section elementor-element elementor-element-f9647e9 elementor-section-boxed elementor-section-height-default elementor-section-height-default exad-parallax-effect-no exad-background-color-change-no exad-glass-effect-no exad-sticky-section-no sc_fly_static\" data-id=\"f9647e9\" data-element_type=\"section\" data-settings=\"{&quot;background_background&quot;:&quot;classic&quot;}\">\n\t\t\t\t\t\t<div class=\"elementor-container elementor-column-gap-extended\">\n\t\t\t\t\t<div class=\"elementor-column elementor-col-100 elementor-top-column elementor-element elementor-element-5a87413 sc_content_align_inherit sc_layouts_column_icons_position_left exad-glass-effect-no exad-sticky-section-no sc_fly_static\" data-id=\"5a87413\" data-element_type=\"column\">\n\t\t\t<div class=\"elementor-widget-wrap elementor-element-populated\">\n\t\t\t\t\t\t<div class=\"elementor-element elementor-element-06ab893 exad-sticky-section-no exad-glass-effect-no sc_fly_static elementor-widget elementor-widget-trx_sc_title\" data-id=\"06ab893\" data-element_type=\"widget\" data-widget_type=\"trx_sc_title.default\">\n\t\t\t\t<div class=\"elementor-widget-container\">\n\t\t\t\t\t<div\t\tclass=\"sc_title sc_title_default\" ><div class=\"sc_item_descr sc_title_descr\"><p>\u0628\u0635\u0641\u062a\u0646\u0627 \u0634\u0631\u0643\u0629 \u0628\u0627\u064a\u0631\u0627\u0643\u0633\u064a \u0644\u0644\u0645\u0639\u0627\u062f\u0646\u060c \u0646\u062d\u0646 \u0645\u0639\u0643 \u0641\u064a \u062c\u0645\u064a\u0639 \u0645\u0631\u0627\u062d\u0644 \u0645\u0634\u0627\u0631\u064a\u0639\u0643 \u0627\u0644\u0625\u0646\u0634\u0627\u0626\u064a\u0629 \u0645\u0646 \u0627\u0644\u0635\u0644\u0628. \u0646\u062d\u0646 \u0646\u0642\u062f\u0645 \u062c\u0645\u064a\u0639 \u0627\u0644\u062d\u0644\u0648\u0644 \u0627\u0644\u062a\u064a \u062a\u062d\u062a\u0627\u062c\u0647\u0627 \u0628\u062f\u0621\u064b\u0627 \u0645\u0646 \u062a\u0635\u0645\u064a\u0645 \u0627\u0644\u0645\u0634\u0631\u0648\u0639 \u0625\u0644\u0649 \u0627\u0644\u062a\u0635\u0646\u064a\u0639\u060c \u0648\u0645\u0646 \u0639\u0645\u0644\u064a\u0627\u062a \u0645\u0631\u0627\u0642\u0628\u0629 \u0627\u0644\u062c\u0648\u062f\u0629 \u0625\u0644\u0649 \u0627\u0644\u062a\u062c\u0645\u064a\u0639 \u0641\u064a \u0627\u0644\u0645\u064a\u062f\u0627\u0646 \u0645\u0646 \u0645\u0635\u062f\u0631 \u0648\u0627\u062d\u062f.<\/p>\n<p>\u064a\u0645\u0643\u0646\u0643 \u0627\u0644\u0627\u062a\u0635\u0627\u0644 \u0628\u0646\u0627 \u0639\u0644\u0649 talep@bayrakcimetal.com.tr \u0644\u0644\u062d\u0635\u0648\u0644 \u0639\u0644\u0649 \u0637\u0644\u0628\u0627\u062a \u0627\u0644\u062a\u0635\u0645\u064a\u0645 \u0627\u0644\u062e\u0627\u0635\u0629 \u0648\u0623\u0631\u0636\u064a\u0627\u062a \u0627\u0644\u0645\u064a\u0632\u0627\u0646\u064a\u0646 \u0627\u0644\u0641\u0648\u0644\u0627\u0630\u064a\u0629 \u0648\u0627\u0644\u0645\u064a\u0632\u0627\u0646\u064a\u0646 \u0628\u0627\u0644\u0645\u0648\u0627\u0635\u0641\u0627\u062a \u0627\u0644\u062a\u064a \u062a\u0631\u064a\u062f\u0647\u0627. \u064a\u0645\u0643\u0646\u0643 \u0623\u064a\u0636\u064b\u0627 \u0627\u0644\u0627\u062a\u0635\u0627\u0644 \u0628\u0646\u0627 \u0639\u0646 \u0637\u0631\u064a\u0642 \u0645\u0644\u0621 \u0627\u0644\u0646\u0645\u0648\u0630\u062c \u0641\u064a \u0642\u0633\u0645 \"\u0627\u0644\u0627\u062a\u0635\u0627\u0644\" \u0623\u0648 \u0639\u0628\u0631 \u0647\u0648\u0627\u062a\u0641\u0646\u0627. \u0646\u062d\u0646 \u0646\u0642\u062f\u0645 \u0627\u0644\u062e\u062f\u0645\u0629 \u0644\u062c\u0645\u064a\u0639 \u0623\u0646\u062d\u0627\u0621 \u062a\u0631\u0643\u064a\u0627\u060c \u0648\u062e\u0627\u0635\u0629\u064b \u0625\u0633\u0637\u0646\u0628\u0648\u0644.<\/p>\n<p>\u0639\u0644\u0649 \u0627\u0644\u0631\u063a\u0645 \u0645\u0646 \u0623\u0646 \u0645\u0642\u0631\u0646\u0627 \u0627\u0644\u0631\u0626\u064a\u0633\u064a \u0641\u064a \u0625\u0633\u0637\u0646\u0628\u0648\u0644\u060c \u0625\u0644\u0627 \u0623\u0646\u0646\u0627 \u0646\u062e\u062f\u0645 \u062c\u0645\u064a\u0639 \u0623\u0646\u062d\u0627\u0621 \u062a\u0631\u0643\u064a\u0627. \u0623\u0646\u062a \u062a\u062d\u0644\u0645\u060c \u0648\u0646\u062d\u0646 \u0646\u062d\u0648\u0644 \u062d\u0644\u0645\u0643 \u0625\u0644\u0649 \u062d\u0642\u064a\u0642\u0629 \u0628\u0641\u0636\u0644 \u0642\u0648\u062a\u0646\u0627 \u0627\u0644\u0647\u0646\u062f\u0633\u064a\u0629.<\/p>\n<\/div><div\tclass=\"sc_item_button sc_button_wrap sc_item_button sc_item_button_default sc_item_button_size_normal sc_title_button\"><a href=\"#teklifal\" class=\"sc_button sc_button_default sc_button_size_normal sc_button_icon_left\"><span class=\"sc_button_text\"><span class=\"sc_button_title\">\u0627\u062d\u0635\u0644 \u0639\u0644\u0649 \u0627\u0644\u0639\u0631\u0636<\/span><\/span><\/a><\/div><\/div>\t\t\t\t<\/div>\n\t\t\t\t<\/div>\n\t\t\t\t\t<\/div>\n\t\t<\/div>\n\t\t\t\t\t<\/div>\n\t\t<\/section>\n\t\t<div class=\"elementor-element elementor-element-f4af84a e-flex e-con-boxed sc_layouts_column_icons_position_left e-con e-parent\" data-id=\"f4af84a\" data-element_type=\"container\">\n\t\t\t\t\t<div class=\"e-con-inner\">\n\t\t\t\t<div class=\"elementor-element elementor-element-6dafa61 sc_height_small elementor-widget__width-inherit exad-sticky-section-no exad-glass-effect-no elementor-widget elementor-widget-spacer\" data-id=\"6dafa61\" data-element_type=\"widget\" data-widget_type=\"spacer.default\">\n\t\t\t\t\t\t\t<div class=\"elementor-spacer\">\n\t\t\t<div class=\"elementor-spacer-inner\"><\/div>\n\t\t<\/div>\n\t\t\t\t\t\t<\/div>\n\t\t\t\t\t<\/div>\n\t\t\t\t<\/div>\n\t\t\t\t<\/div>","protected":false},"excerpt":{"rendered":"<p>Kontrol \u2013 Y\u00fck Testi, Kaynak Testi ve Bak\u0131m Bayrak\u00e7\u0131 Metal, \u00fcretimin her a\u015famas\u0131nda uygulad\u0131\u011f\u0131 kalite kontrol sistemleri ile uzun \u00f6m\u00fcrl\u00fc ve g\u00fcvenli yap\u0131lar \u00fcretir. Kontroll\u00fc \u00fcretim felsefemiz, sadece \u00fcretim s\u0131ras\u0131nda&hellip;<\/p>","protected":false},"author":1,"featured_media":0,"parent":0,"menu_order":0,"comment_status":"closed","ping_status":"closed","template":"","meta":{"footnotes":""},"class_list":["post-8054","page","type-page","status-publish","hentry"],"yoast_head":"<!-- This site is optimized with the Yoast SEO Premium plugin v24.8 (Yoast SEO v24.8.1) - https:\/\/yoast.com\/wordpress\/plugins\/seo\/ -->\n<title>Kontrol, Y\u00fck Testi ve Kaynak Testi | Bayrakc\u0131 Metal<\/title>\n<meta name=\"description\" content=\"Bayrakc\u0131 Metal, y\u00fck testi, kaynak testi, galvaniz kaplama \u00f6l\u00e7\u00fcm\u00fc ve periyodik bak\u0131m hizmetleriyle uzun \u00f6m\u00fcrl\u00fc, g\u00fcvenli \u00e7elik yap\u0131lar sunar.\" \/>\n<meta name=\"robots\" content=\"index, follow, max-snippet:-1, max-image-preview:large, max-video-preview:-1\" \/>\n<link rel=\"canonical\" href=\"https:\/\/bayrakcimetal.com.tr\/ar\/kontrol\/\" \/>\n<meta property=\"og:locale\" content=\"ar_AR\" \/>\n<meta property=\"og:type\" content=\"article\" \/>\n<meta property=\"og:title\" content=\"Kontrol\" \/>\n<meta property=\"og:description\" content=\"Bayrakc\u0131 Metal, y\u00fck testi, kaynak testi, galvaniz kaplama \u00f6l\u00e7\u00fcm\u00fc ve periyodik bak\u0131m hizmetleriyle uzun \u00f6m\u00fcrl\u00fc, g\u00fcvenli \u00e7elik yap\u0131lar sunar.\" \/>\n<meta property=\"og:url\" content=\"https:\/\/bayrakcimetal.com.tr\/ar\/kontrol\/\" \/>\n<meta property=\"og:site_name\" content=\"Bayrakc\u0131 Metal \u2013 \u00c7elik Konstr\u00fcksiyon &amp; M\u00fchendislik\" \/>\n<meta property=\"article:publisher\" content=\"https:\/\/www.facebook.com\/bayrakcimetal\" \/>\n<meta property=\"article:modified_time\" content=\"2025-09-15T08:49:55+00:00\" \/>\n<meta property=\"og:image\" content=\"https:\/\/bayrakcimetal.com.tr\/wp-content\/uploads\/2025\/03\/kontrol.png\" \/>\n<meta name=\"twitter:card\" content=\"summary_large_image\" \/>\n<meta name=\"twitter:site\" content=\"@bayrakcimetal\" \/>\n<meta name=\"twitter:label1\" content=\"\u0648\u0642\u062a \u0627\u0644\u0642\u0631\u0627\u0621\u0629 \u0627\u0644\u0645\u064f\u0642\u062f\u0651\u0631\" \/>\n\t<meta name=\"twitter:data1\" content=\"\u062f\u0642\u064a\u0642\u062a\u0627\u0646\" \/>\n<script type=\"application\/ld+json\" class=\"yoast-schema-graph\">{\"@context\":\"https:\/\/schema.org\",\"@graph\":[{\"@type\":\"WebPage\",\"@id\":\"https:\/\/bayrakcimetal.com.tr\/kontrol\/\",\"url\":\"https:\/\/bayrakcimetal.com.tr\/kontrol\/\",\"name\":\"Kontrol, Y\u00fck Testi ve Kaynak Testi | Bayrakc\u0131 Metal\",\"isPartOf\":{\"@id\":\"https:\/\/bayrakcimetal.com.tr\/en\/#website\"},\"primaryImageOfPage\":{\"@id\":\"https:\/\/bayrakcimetal.com.tr\/kontrol\/#primaryimage\"},\"image\":{\"@id\":\"https:\/\/bayrakcimetal.com.tr\/kontrol\/#primaryimage\"},\"thumbnailUrl\":\"https:\/\/bayrakcimetal.com.tr\/wp-content\/uploads\/2025\/03\/kontrol.png\",\"datePublished\":\"2025-03-29T16:22:59+00:00\",\"dateModified\":\"2025-09-15T08:49:55+00:00\",\"description\":\"Bayrakc\u0131 Metal, y\u00fck testi, kaynak testi, galvaniz kaplama \u00f6l\u00e7\u00fcm\u00fc ve periyodik bak\u0131m hizmetleriyle uzun \u00f6m\u00fcrl\u00fc, g\u00fcvenli \u00e7elik yap\u0131lar sunar.\",\"breadcrumb\":{\"@id\":\"https:\/\/bayrakcimetal.com.tr\/kontrol\/#breadcrumb\"},\"inLanguage\":\"ar\",\"potentialAction\":[{\"@type\":\"ReadAction\",\"target\":[\"https:\/\/bayrakcimetal.com.tr\/kontrol\/\"]}]},{\"@type\":\"ImageObject\",\"inLanguage\":\"ar\",\"@id\":\"https:\/\/bayrakcimetal.com.tr\/kontrol\/#primaryimage\",\"url\":\"https:\/\/bayrakcimetal.com.tr\/wp-content\/uploads\/2025\/03\/kontrol.png\",\"contentUrl\":\"https:\/\/bayrakcimetal.com.tr\/wp-content\/uploads\/2025\/03\/kontrol.png\"},{\"@type\":\"BreadcrumbList\",\"@id\":\"https:\/\/bayrakcimetal.com.tr\/kontrol\/#breadcrumb\",\"itemListElement\":[{\"@type\":\"ListItem\",\"position\":1,\"name\":\"Anasayfa\",\"item\":\"https:\/\/bayrakcimetal.com.tr\/\"},{\"@type\":\"ListItem\",\"position\":2,\"name\":\"Kontrol\"}]},{\"@type\":\"WebSite\",\"@id\":\"https:\/\/bayrakcimetal.com.tr\/en\/#website\",\"url\":\"https:\/\/bayrakcimetal.com.tr\/en\/\",\"name\":\"\u00c7elik Konstr\u00fcksiyon ve \u015eantiye Donan\u0131mlar\u0131 \u0130malat\u0131 | Bayrakc\u0131 Metal\",\"description\":\"G\u00fc\u00e7l\u00fc \u00c7\u00f6z\u00fcmler, G\u00fcvenilir Yap\u0131lar\",\"publisher\":{\"@id\":\"https:\/\/bayrakcimetal.com.tr\/en\/#organization\"},\"potentialAction\":[{\"@type\":\"SearchAction\",\"target\":{\"@type\":\"EntryPoint\",\"urlTemplate\":\"https:\/\/bayrakcimetal.com.tr\/en\/?s={search_term_string}\"},\"query-input\":{\"@type\":\"PropertyValueSpecification\",\"valueRequired\":true,\"valueName\":\"search_term_string\"}}],\"inLanguage\":\"ar\"},{\"@type\":\"Organization\",\"@id\":\"https:\/\/bayrakcimetal.com.tr\/en\/#organization\",\"name\":\"Bayrakc\u0131 \u0130n\u015faat Metal Sanayi Ticaret Limited \u015eirketi\",\"url\":\"https:\/\/bayrakcimetal.com.tr\/en\/\",\"logo\":{\"@type\":\"ImageObject\",\"inLanguage\":\"ar\",\"@id\":\"https:\/\/bayrakcimetal.com.tr\/en\/#\/schema\/logo\/image\/\",\"url\":\"https:\/\/bayrakcimetal.com.tr\/wp-content\/uploads\/2025\/09\/411975411_800495428757629_2559435011480789695_n.jpg\",\"contentUrl\":\"https:\/\/bayrakcimetal.com.tr\/wp-content\/uploads\/2025\/09\/411975411_800495428757629_2559435011480789695_n.jpg\",\"width\":1080,\"height\":1080,\"caption\":\"Bayrakc\u0131 \u0130n\u015faat Metal Sanayi Ticaret Limited \u015eirketi\"},\"image\":{\"@id\":\"https:\/\/bayrakcimetal.com.tr\/en\/#\/schema\/logo\/image\/\"},\"sameAs\":[\"https:\/\/www.facebook.com\/bayrakcimetal\",\"https:\/\/x.com\/bayrakcimetal\",\"https:\/\/www.instagram.com\/bayrakcimetal\/\",\"https:\/\/tr.linkedin.com\/company\/bayrakc-inaat-metal-san-ve-tic-ltd-ti-\"]}]}<\/script>\n<!-- \/ Yoast SEO Premium plugin. -->","yoast_head_json":{"title":"Kontrol, Y\u00fck Testi ve Kaynak Testi | Bayrakc\u0131 Metal","description":"Bayrakc\u0131 Metal, y\u00fck testi, kaynak testi, galvaniz kaplama \u00f6l\u00e7\u00fcm\u00fc ve periyodik bak\u0131m hizmetleriyle uzun \u00f6m\u00fcrl\u00fc, g\u00fcvenli \u00e7elik yap\u0131lar sunar.","robots":{"index":"index","follow":"follow","max-snippet":"max-snippet:-1","max-image-preview":"max-image-preview:large","max-video-preview":"max-video-preview:-1"},"canonical":"https:\/\/bayrakcimetal.com.tr\/ar\/kontrol\/","og_locale":"ar_AR","og_type":"article","og_title":"Kontrol","og_description":"Bayrakc\u0131 Metal, y\u00fck testi, kaynak testi, galvaniz kaplama \u00f6l\u00e7\u00fcm\u00fc ve periyodik bak\u0131m hizmetleriyle uzun \u00f6m\u00fcrl\u00fc, g\u00fcvenli \u00e7elik yap\u0131lar sunar.","og_url":"https:\/\/bayrakcimetal.com.tr\/ar\/kontrol\/","og_site_name":"Bayrakc\u0131 Metal \u2013 \u00c7elik Konstr\u00fcksiyon &amp; M\u00fchendislik","article_publisher":"https:\/\/www.facebook.com\/bayrakcimetal","article_modified_time":"2025-09-15T08:49:55+00:00","og_image":[{"url":"https:\/\/bayrakcimetal.com.tr\/wp-content\/uploads\/2025\/03\/kontrol.png","type":"","width":"","height":""}],"twitter_card":"summary_large_image","twitter_site":"@bayrakcimetal","twitter_misc":{"\u0648\u0642\u062a \u0627\u0644\u0642\u0631\u0627\u0621\u0629 \u0627\u0644\u0645\u064f\u0642\u062f\u0651\u0631":"\u062f\u0642\u064a\u0642\u062a\u0627\u0646"},"schema":{"@context":"https:\/\/schema.org","@graph":[{"@type":"WebPage","@id":"https:\/\/bayrakcimetal.com.tr\/kontrol\/","url":"https:\/\/bayrakcimetal.com.tr\/kontrol\/","name":"Kontrol, Y\u00fck Testi ve Kaynak Testi | Bayrakc\u0131 Metal","isPartOf":{"@id":"https:\/\/bayrakcimetal.com.tr\/en\/#website"},"primaryImageOfPage":{"@id":"https:\/\/bayrakcimetal.com.tr\/kontrol\/#primaryimage"},"image":{"@id":"https:\/\/bayrakcimetal.com.tr\/kontrol\/#primaryimage"},"thumbnailUrl":"https:\/\/bayrakcimetal.com.tr\/wp-content\/uploads\/2025\/03\/kontrol.png","datePublished":"2025-03-29T16:22:59+00:00","dateModified":"2025-09-15T08:49:55+00:00","description":"Bayrakc\u0131 Metal, y\u00fck testi, kaynak testi, galvaniz kaplama \u00f6l\u00e7\u00fcm\u00fc ve periyodik bak\u0131m hizmetleriyle uzun \u00f6m\u00fcrl\u00fc, g\u00fcvenli \u00e7elik yap\u0131lar sunar.","breadcrumb":{"@id":"https:\/\/bayrakcimetal.com.tr\/kontrol\/#breadcrumb"},"inLanguage":"ar","potentialAction":[{"@type":"ReadAction","target":["https:\/\/bayrakcimetal.com.tr\/kontrol\/"]}]},{"@type":"ImageObject","inLanguage":"ar","@id":"https:\/\/bayrakcimetal.com.tr\/kontrol\/#primaryimage","url":"https:\/\/bayrakcimetal.com.tr\/wp-content\/uploads\/2025\/03\/kontrol.png","contentUrl":"https:\/\/bayrakcimetal.com.tr\/wp-content\/uploads\/2025\/03\/kontrol.png"},{"@type":"BreadcrumbList","@id":"https:\/\/bayrakcimetal.com.tr\/kontrol\/#breadcrumb","itemListElement":[{"@type":"ListItem","position":1,"name":"Anasayfa","item":"https:\/\/bayrakcimetal.com.tr\/"},{"@type":"ListItem","position":2,"name":"Kontrol"}]},{"@type":"WebSite","@id":"https:\/\/bayrakcimetal.com.tr\/en\/#website","url":"https:\/\/bayrakcimetal.com.tr\/en\/","name":"\u00c7elik Konstr\u00fcksiyon ve \u015eantiye Donan\u0131mlar\u0131 \u0130malat\u0131 | Bayrakc\u0131 Metal","description":"G\u00fc\u00e7l\u00fc \u00c7\u00f6z\u00fcmler, G\u00fcvenilir Yap\u0131lar","publisher":{"@id":"https:\/\/bayrakcimetal.com.tr\/en\/#organization"},"potentialAction":[{"@type":"SearchAction","target":{"@type":"EntryPoint","urlTemplate":"https:\/\/bayrakcimetal.com.tr\/en\/?s={search_term_string}"},"query-input":{"@type":"PropertyValueSpecification","valueRequired":true,"valueName":"search_term_string"}}],"inLanguage":"ar"},{"@type":"Organization","@id":"https:\/\/bayrakcimetal.com.tr\/en\/#organization","name":"Bayrakc\u0131 \u0130n\u015faat Metal Sanayi Ticaret Limited \u015eirketi","url":"https:\/\/bayrakcimetal.com.tr\/en\/","logo":{"@type":"ImageObject","inLanguage":"ar","@id":"https:\/\/bayrakcimetal.com.tr\/en\/#\/schema\/logo\/image\/","url":"https:\/\/bayrakcimetal.com.tr\/wp-content\/uploads\/2025\/09\/411975411_800495428757629_2559435011480789695_n.jpg","contentUrl":"https:\/\/bayrakcimetal.com.tr\/wp-content\/uploads\/2025\/09\/411975411_800495428757629_2559435011480789695_n.jpg","width":1080,"height":1080,"caption":"Bayrakc\u0131 \u0130n\u015faat Metal Sanayi Ticaret Limited \u015eirketi"},"image":{"@id":"https:\/\/bayrakcimetal.com.tr\/en\/#\/schema\/logo\/image\/"},"sameAs":["https:\/\/www.facebook.com\/bayrakcimetal","https:\/\/x.com\/bayrakcimetal","https:\/\/www.instagram.com\/bayrakcimetal\/","https:\/\/tr.linkedin.com\/company\/bayrakc-inaat-metal-san-ve-tic-ltd-ti-"]}]}},"_links":{"self":[{"href":"https:\/\/bayrakcimetal.com.tr\/ar\/wp-json\/wp\/v2\/pages\/8054","targetHints":{"allow":["GET"]}}],"collection":[{"href":"https:\/\/bayrakcimetal.com.tr\/ar\/wp-json\/wp\/v2\/pages"}],"about":[{"href":"https:\/\/bayrakcimetal.com.tr\/ar\/wp-json\/wp\/v2\/types\/page"}],"author":[{"embeddable":true,"href":"https:\/\/bayrakcimetal.com.tr\/ar\/wp-json\/wp\/v2\/users\/1"}],"replies":[{"embeddable":true,"href":"https:\/\/bayrakcimetal.com.tr\/ar\/wp-json\/wp\/v2\/comments?post=8054"}],"version-history":[{"count":20,"href":"https:\/\/bayrakcimetal.com.tr\/ar\/wp-json\/wp\/v2\/pages\/8054\/revisions"}],"predecessor-version":[{"id":9568,"href":"https:\/\/bayrakcimetal.com.tr\/ar\/wp-json\/wp\/v2\/pages\/8054\/revisions\/9568"}],"wp:attachment":[{"href":"https:\/\/bayrakcimetal.com.tr\/ar\/wp-json\/wp\/v2\/media?parent=8054"}],"curies":[{"name":"wp","href":"https:\/\/api.w.org\/{rel}","templated":true}]}}