{"id":8058,"date":"2025-03-29T19:23:38","date_gmt":"2025-03-29T16:23:38","guid":{"rendered":"https:\/\/bayrakcimetal.com.tr\/?page_id=8058"},"modified":"2025-09-15T11:50:26","modified_gmt":"2025-09-15T08:50:26","slug":"montaj","status":"publish","type":"page","link":"https:\/\/bayrakcimetal.com.tr\/ar\/montaj\/","title":{"rendered":"\u0627\u0644\u062a\u062c\u0645\u064a\u0639"},"content":{"rendered":"<div data-elementor-type=\"wp-page\" data-elementor-id=\"8058\" class=\"elementor elementor-8058\" data-elementor-post-type=\"page\">\n\t\t\t\t<div class=\"elementor-element elementor-element-23a7781 e-flex e-con-boxed sc_layouts_column_icons_position_left e-con e-parent\" data-id=\"23a7781\" data-element_type=\"container\">\n\t\t\t\t\t<div class=\"e-con-inner\">\n\t\t\t\t<div class=\"elementor-element elementor-element-5ede1a1 sc_height_tiny elementor-widget__width-inherit exad-sticky-section-no exad-glass-effect-no elementor-widget elementor-widget-spacer\" data-id=\"5ede1a1\" data-element_type=\"widget\" data-widget_type=\"spacer.default\">\n\t\t\t\t\t\t\t<div class=\"elementor-spacer\">\n\t\t\t<div class=\"elementor-spacer-inner\"><\/div>\n\t\t<\/div>\n\t\t\t\t\t\t<\/div>\n\t\t\t\t\t<\/div>\n\t\t\t\t<\/div>\n\t\t\t\t<section data-exad-particle-enable=\"false\" class=\"elementor-section elementor-top-section elementor-element elementor-element-f8c4c69 elementor-section-boxed elementor-section-height-default elementor-section-height-default exad-parallax-effect-no exad-background-color-change-no exad-glass-effect-no exad-sticky-section-no sc_fly_static\" data-id=\"f8c4c69\" data-element_type=\"section\" data-settings=\"{&quot;background_background&quot;:&quot;classic&quot;}\">\n\t\t\t\t\t\t<div class=\"elementor-container elementor-column-gap-extended\">\n\t\t\t\t\t<div class=\"elementor-column elementor-col-50 elementor-top-column elementor-element elementor-element-f0e6317 sc_content_align_inherit sc_layouts_column_icons_position_left exad-glass-effect-no exad-sticky-section-no sc_fly_static\" data-id=\"f0e6317\" data-element_type=\"column\">\n\t\t\t<div class=\"elementor-widget-wrap elementor-element-populated\">\n\t\t\t\t\t\t<div class=\"elementor-element elementor-element-f5d059f elementor-pagination-position-inside elementor-widget__width-initial elementor-arrows-position-inside exad-sticky-section-no exad-glass-effect-no elementor-widget elementor-widget-image-carousel\" data-id=\"f5d059f\" data-element_type=\"widget\" data-settings=\"{&quot;slides_to_show&quot;:&quot;1&quot;,&quot;navigation&quot;:&quot;both&quot;,&quot;autoplay&quot;:&quot;yes&quot;,&quot;pause_on_hover&quot;:&quot;yes&quot;,&quot;pause_on_interaction&quot;:&quot;yes&quot;,&quot;autoplay_speed&quot;:5000,&quot;infinite&quot;:&quot;yes&quot;,&quot;effect&quot;:&quot;slide&quot;,&quot;speed&quot;:500}\" data-widget_type=\"image-carousel.default\">\n\t\t\t\t\t\t\t<div class=\"elementor-image-carousel-wrapper swiper\" role=\"region\" aria-roledescription=\"carousel\" aria-label=\"Resim D\u00f6ng\u00fcs\u00fc\" dir=\"ltr\">\n\t\t\t<div class=\"elementor-image-carousel swiper-wrapper\" aria-live=\"off\">\n\t\t\t\t\t\t\t\t<div class=\"swiper-slide\" role=\"group\" aria-roledescription=\"slide\" aria-label=\"1 of 1\" data-no-translation-aria-label=\"\"><figure class=\"swiper-slide-inner\"><img decoding=\"async\" class=\"swiper-slide-image\" src=\"https:\/\/bayrakcimetal.com.tr\/wp-content\/uploads\/2025\/03\/montaj.png\" alt=\"montaj\" \/><\/figure><\/div>\t\t\t<\/div>\n\t\t\t\t\t<\/div>\n\t\t\t\t\t\t<\/div>\n\t\t\t\t<div class=\"elementor-element elementor-element-5fbba51 sc_height_tiny exad-sticky-section-no exad-glass-effect-no elementor-widget elementor-widget-spacer\" data-id=\"5fbba51\" data-element_type=\"widget\" data-widget_type=\"spacer.default\">\n\t\t\t\t\t\t\t<div class=\"elementor-spacer\">\n\t\t\t<div class=\"elementor-spacer-inner\"><\/div>\n\t\t<\/div>\n\t\t\t\t\t\t<\/div>\n\t\t\t\t\t<\/div>\n\t\t<\/div>\n\t\t\t\t<div class=\"elementor-column elementor-col-50 elementor-top-column elementor-element elementor-element-5b1db0b sc_content_align_inherit sc_layouts_column_icons_position_left exad-glass-effect-no exad-sticky-section-no sc_fly_static\" data-id=\"5b1db0b\" data-element_type=\"column\">\n\t\t\t<div class=\"elementor-widget-wrap elementor-element-populated\">\n\t\t\t\t\t\t<div class=\"elementor-element elementor-element-1a49756 sc_height_tiny exad-sticky-section-no exad-glass-effect-no elementor-widget elementor-widget-spacer\" data-id=\"1a49756\" data-element_type=\"widget\" data-widget_type=\"spacer.default\">\n\t\t\t\t\t\t\t<div class=\"elementor-spacer\">\n\t\t\t<div class=\"elementor-spacer-inner\"><\/div>\n\t\t<\/div>\n\t\t\t\t\t\t<\/div>\n\t\t\t\t<div class=\"elementor-element elementor-element-7a3f847 elementor-widget__width-initial exad-sticky-section-no exad-glass-effect-no sc_fly_static elementor-widget elementor-widget-trx_sc_title\" data-id=\"7a3f847\" data-element_type=\"widget\" data-widget_type=\"trx_sc_title.default\">\n\t\t\t\t<div class=\"elementor-widget-container\">\n\t\t\t\t\t<div\t\tclass=\"sc_title sc_title_default\" ><h1 class=\"sc_item_title sc_title_title sc_item_title_style_default sc_item_title_tag\"\n\t\t\t><span class=\"sc_item_title_text\">\u0627\u0644\u0625\u0631\u0633\u0627\u0644 \u0648\u0627\u0644\u062a\u0637\u0628\u064a\u0642 \u0627\u0644\u0645\u064a\u062f\u0627\u0646\u064a<\/span><\/h1><div class=\"sc_item_descr sc_title_descr\"><p>\u0627\u0644\u062a\u062c\u0645\u064a\u0639 - \u0627\u0644\u0634\u062d\u0646 \u0648\u0627\u0644\u062a\u0637\u0628\u064a\u0642 \u0627\u0644\u0645\u064a\u062f\u0627\u0646\u064a \u0641\u064a \u0645\u0634\u0627\u0631\u064a\u0639 \u0627\u0644\u0625\u0646\u0634\u0627\u0621\u0627\u062a \u0627\u0644\u0641\u0648\u0644\u0627\u0630\u064a\u0629\u060c \u064a\u0639\u062f \u0627\u0644\u062a\u062c\u0645\u064a\u0639 \u0623\u0647\u0645 \u062e\u0637\u0648\u0629 \u064a\u062a\u0645 \u0641\u064a\u0647\u0627 \u062a\u0646\u0641\u064a\u0630 \u0627\u0644\u0647\u064a\u0643\u0644. \u062a\u0648\u0641\u0631 \u0634\u0631\u0643\u0629 Bayrak\u00e7\u0131 Metal \u062a\u062c\u0645\u064a\u0639\u0627\u064b \u0622\u0645\u0646\u0627\u064b \u0648\u0633\u0631\u064a\u0639\u0627\u064b \u0628\u0641\u0636\u0644 \u062e\u0637\u0637 \u0627\u0644\u062a\u062c\u0645\u064a\u0639 \u0627\u0644\u062e\u0627\u0635\u0629 \u0628\u0627\u0644\u0645\u0634\u0631\u0648\u0639.<\/p>\n<\/div><\/div>\t\t\t\t<\/div>\n\t\t\t\t<\/div>\n\t\t\t\t<div class=\"elementor-element elementor-element-d4e3156 sc_height_tiny exad-sticky-section-no exad-glass-effect-no elementor-widget elementor-widget-spacer\" data-id=\"d4e3156\" data-element_type=\"widget\" data-widget_type=\"spacer.default\">\n\t\t\t\t\t\t\t<div class=\"elementor-spacer\">\n\t\t\t<div class=\"elementor-spacer-inner\"><\/div>\n\t\t<\/div>\n\t\t\t\t\t\t<\/div>\n\t\t\t\t<div class=\"elementor-element elementor-element-e0f5409 exad-sticky-section-no exad-glass-effect-no elementor-widget elementor-widget-text-editor\" data-id=\"e0f5409\" data-element_type=\"widget\" data-widget_type=\"text-editor.default\">\n\t\t\t\t\t\t\t\t\t<p>\u0627\u0644\u062a\u062c\u0645\u064a\u0639 - \u0627\u0644\u0634\u062d\u0646 \u0648\u0627\u0644\u062a\u0637\u0628\u064a\u0642 \u0627\u0644\u0645\u064a\u062f\u0627\u0646\u064a\u0641\u064a \u0645\u0634\u0627\u0631\u064a\u0639 \u0627\u0644\u0625\u0646\u0634\u0627\u0621\u0627\u062a \u0627\u0644\u0641\u0648\u0644\u0627\u0630\u064a\u0629\u060c \u064a\u0639\u062f \u0627\u0644\u062a\u062c\u0645\u064a\u0639 \u0623\u0647\u0645 \u062e\u0637\u0648\u0629 \u062d\u064a\u062b \u064a\u0646\u0628\u0636 \u0627\u0644\u0647\u064a\u0643\u0644 \u0628\u0627\u0644\u062d\u064a\u0627\u0629. \u062a\u0642\u062f\u0645 \u0634\u0631\u0643\u0629 \u0628\u0627\u064a\u0631\u0627\u0643\u062c\u064a \u0644\u0644\u0645\u0639\u0627\u062f\u0646 \u062a\u0637\u0628\u064a\u0642\u0627\u062a \u062a\u062c\u0645\u064a\u0639 \u0622\u0645\u0646\u0629 \u0648\u0633\u0631\u064a\u0639\u0629 \u0628\u0641\u0636\u0644 \u062e\u0637\u0637 \u0627\u0644\u062a\u062c\u0645\u064a\u0639 \u0627\u0644\u062e\u0627\u0635\u0629 \u0628\u0627\u0644\u0645\u0634\u0631\u0648\u0639. \u064a\u062a\u0645 \u062a\u0637\u0628\u064a\u0642 \u0639\u0645\u0644\u064a\u0627\u062a \u0627\u0644\u0631\u0641\u0639 \u0628\u0627\u0644\u0631\u0627\u0641\u0639\u0629\u060c \u0648\u0627\u0644\u062a\u0648\u0635\u064a\u0644 \u0628\u0627\u0644\u0645\u0633\u0627\u0645\u064a\u0631 \u0623\u0648 \u0627\u0644\u0644\u062d\u0627\u0645\u060c \u0648\u0627\u0644\u0645\u062d\u0627\u0630\u0627\u0629 \u0648\u0627\u0644\u062a\u062b\u0628\u064a\u062a \u0645\u0646 \u0642\u0628\u0644 \u0641\u0631\u0642\u0646\u0627 \u0627\u0644\u062e\u0628\u064a\u0631\u0629. \u064a\u062a\u0645 \u0627\u0644\u0627\u0644\u062a\u0632\u0627\u0645 \u0627\u0644\u0635\u0627\u0631\u0645 \u0628\u0625\u062c\u0631\u0627\u0621\u0627\u062a \u0627\u0644\u0633\u0644\u0627\u0645\u0629 \u0641\u064a \u0627\u0644\u0639\u0645\u0644<\/p>\n<p>\u064a\u062a\u0645 \u0641\u062d\u0635 \u0643\u0644 \u062a\u0637\u0628\u064a\u0642 \u064a\u062a\u0645 \u0625\u062c\u0631\u0627\u0624\u0647 \u0641\u064a \u0627\u0644\u0645\u064a\u062f\u0627\u0646 \u0648\u0627\u0644\u0625\u0628\u0644\u0627\u063a \u0639\u0646\u0647 \u0645\u0646 \u0642\u0628\u0644 \u0645\u0647\u0646\u062f\u0633\u064a \u0645\u0631\u0627\u0642\u0628\u0629 \u0627\u0644\u062c\u0648\u062f\u0629.<\/p>\n<p data-start=\"403\" data-end=\"656\"><!-- \/wp:paragraph --><!-- wp:paragraph --><\/p>\t\t\t\t\t\t\t\t<\/div>\n\t\t\t\t\t<\/div>\n\t\t<\/div>\n\t\t\t\t\t<\/div>\n\t\t<\/section>\n\t\t\t\t<section data-exad-particle-enable=\"false\" class=\"elementor-section elementor-top-section elementor-element elementor-element-0326285 elementor-section-boxed elementor-section-height-default elementor-section-height-default exad-parallax-effect-no exad-background-color-change-no exad-glass-effect-no exad-sticky-section-no sc_fly_static\" data-id=\"0326285\" data-element_type=\"section\" data-settings=\"{&quot;background_background&quot;:&quot;classic&quot;}\">\n\t\t\t\t\t\t<div class=\"elementor-container elementor-column-gap-extended\">\n\t\t\t\t\t<div class=\"elementor-column elementor-col-100 elementor-top-column elementor-element elementor-element-7d6795f sc_content_align_inherit sc_layouts_column_icons_position_left exad-glass-effect-no exad-sticky-section-no sc_fly_static\" data-id=\"7d6795f\" data-element_type=\"column\">\n\t\t\t<div class=\"elementor-widget-wrap elementor-element-populated\">\n\t\t\t\t\t\t<div class=\"elementor-element elementor-element-0841c3a exad-sticky-section-no exad-glass-effect-no sc_fly_static elementor-widget elementor-widget-trx_sc_title\" data-id=\"0841c3a\" data-element_type=\"widget\" data-widget_type=\"trx_sc_title.default\">\n\t\t\t\t<div class=\"elementor-widget-container\">\n\t\t\t\t\t<div\t\tclass=\"sc_title sc_title_default\" ><div class=\"sc_item_descr sc_title_descr\"><p>\u0628\u0635\u0641\u062a\u0646\u0627 \u0634\u0631\u0643\u0629 \u0628\u0627\u064a\u0631\u0627\u0643\u0633\u064a \u0644\u0644\u0645\u0639\u0627\u062f\u0646\u060c \u0646\u062d\u0646 \u0645\u0639\u0643 \u0641\u064a \u062c\u0645\u064a\u0639 \u0645\u0631\u0627\u062d\u0644 \u0645\u0634\u0627\u0631\u064a\u0639\u0643 \u0627\u0644\u0625\u0646\u0634\u0627\u0626\u064a\u0629 \u0645\u0646 \u0627\u0644\u0635\u0644\u0628. \u0646\u062d\u0646 \u0646\u0642\u062f\u0645 \u062c\u0645\u064a\u0639 \u0627\u0644\u062d\u0644\u0648\u0644 \u0627\u0644\u062a\u064a \u062a\u062d\u062a\u0627\u062c\u0647\u0627 \u0628\u062f\u0621\u064b\u0627 \u0645\u0646 \u062a\u0635\u0645\u064a\u0645 \u0627\u0644\u0645\u0634\u0631\u0648\u0639 \u0625\u0644\u0649 \u0627\u0644\u062a\u0635\u0646\u064a\u0639\u060c \u0648\u0645\u0646 \u0639\u0645\u0644\u064a\u0627\u062a \u0645\u0631\u0627\u0642\u0628\u0629 \u0627\u0644\u062c\u0648\u062f\u0629 \u0625\u0644\u0649 \u0627\u0644\u062a\u062c\u0645\u064a\u0639 \u0641\u064a \u0627\u0644\u0645\u064a\u062f\u0627\u0646 \u0645\u0646 \u0645\u0635\u062f\u0631 \u0648\u0627\u062d\u062f.<\/p>\n<p>\u064a\u0645\u0643\u0646\u0643 \u0627\u0644\u0627\u062a\u0635\u0627\u0644 \u0628\u0646\u0627 \u0639\u0644\u0649 talep@bayrakcimetal.com.tr \u0644\u0644\u062d\u0635\u0648\u0644 \u0639\u0644\u0649 \u0637\u0644\u0628\u0627\u062a \u0627\u0644\u062a\u0635\u0645\u064a\u0645 \u0627\u0644\u062e\u0627\u0635\u0629 \u0648\u0623\u0631\u0636\u064a\u0627\u062a \u0627\u0644\u0645\u064a\u0632\u0627\u0646\u064a\u0646 \u0627\u0644\u0641\u0648\u0644\u0627\u0630\u064a\u0629 \u0648\u0627\u0644\u0645\u064a\u0632\u0627\u0646\u064a\u0646 \u0628\u0627\u0644\u0645\u0648\u0627\u0635\u0641\u0627\u062a \u0627\u0644\u062a\u064a \u062a\u0631\u064a\u062f\u0647\u0627. \u064a\u0645\u0643\u0646\u0643 \u0623\u064a\u0636\u064b\u0627 \u0627\u0644\u0627\u062a\u0635\u0627\u0644 \u0628\u0646\u0627 \u0639\u0646 \u0637\u0631\u064a\u0642 \u0645\u0644\u0621 \u0627\u0644\u0646\u0645\u0648\u0630\u062c \u0641\u064a \u0642\u0633\u0645 \"\u0627\u0644\u0627\u062a\u0635\u0627\u0644\" \u0623\u0648 \u0639\u0628\u0631 \u0647\u0648\u0627\u062a\u0641\u0646\u0627. \u0646\u062d\u0646 \u0646\u0642\u062f\u0645 \u0627\u0644\u062e\u062f\u0645\u0629 \u0644\u062c\u0645\u064a\u0639 \u0623\u0646\u062d\u0627\u0621 \u062a\u0631\u0643\u064a\u0627\u060c \u0648\u062e\u0627\u0635\u0629\u064b \u0625\u0633\u0637\u0646\u0628\u0648\u0644.<\/p>\n<p>\u0639\u0644\u0649 \u0627\u0644\u0631\u063a\u0645 \u0645\u0646 \u0623\u0646 \u0645\u0642\u0631\u0646\u0627 \u0627\u0644\u0631\u0626\u064a\u0633\u064a \u0641\u064a \u0625\u0633\u0637\u0646\u0628\u0648\u0644\u060c \u0625\u0644\u0627 \u0623\u0646\u0646\u0627 \u0646\u062e\u062f\u0645 \u062c\u0645\u064a\u0639 \u0623\u0646\u062d\u0627\u0621 \u062a\u0631\u0643\u064a\u0627. \u0623\u0646\u062a \u062a\u062d\u0644\u0645\u060c \u0648\u0646\u062d\u0646 \u0646\u062d\u0648\u0644 \u062d\u0644\u0645\u0643 \u0625\u0644\u0649 \u062d\u0642\u064a\u0642\u0629 \u0628\u0641\u0636\u0644 \u0642\u0648\u062a\u0646\u0627 \u0627\u0644\u0647\u0646\u062f\u0633\u064a\u0629.<\/p>\n<\/div><div\tclass=\"sc_item_button sc_button_wrap sc_item_button sc_item_button_default sc_item_button_size_normal sc_title_button\"><a href=\"#teklifal\" class=\"sc_button sc_button_default sc_button_size_normal sc_button_icon_left\"><span class=\"sc_button_text\"><span class=\"sc_button_title\">\u0627\u062d\u0635\u0644 \u0639\u0644\u0649 \u0627\u0644\u0639\u0631\u0636<\/span><\/span><\/a><\/div><\/div>\t\t\t\t<\/div>\n\t\t\t\t<\/div>\n\t\t\t\t\t<\/div>\n\t\t<\/div>\n\t\t\t\t\t<\/div>\n\t\t<\/section>\n\t\t<div class=\"elementor-element elementor-element-c75775d e-flex e-con-boxed sc_layouts_column_icons_position_left e-con e-parent\" data-id=\"c75775d\" data-element_type=\"container\">\n\t\t\t\t\t<div class=\"e-con-inner\">\n\t\t\t\t<div class=\"elementor-element elementor-element-4289ea9 sc_height_small elementor-widget__width-inherit exad-sticky-section-no exad-glass-effect-no elementor-widget elementor-widget-spacer\" data-id=\"4289ea9\" data-element_type=\"widget\" data-widget_type=\"spacer.default\">\n\t\t\t\t\t\t\t<div class=\"elementor-spacer\">\n\t\t\t<div class=\"elementor-spacer-inner\"><\/div>\n\t\t<\/div>\n\t\t\t\t\t\t<\/div>\n\t\t\t\t\t<\/div>\n\t\t\t\t<\/div>\n\t\t\t\t<\/div>","protected":false},"excerpt":{"rendered":"<p>Montaj \u2013 Sevkiyat ve Sahada Uygulama \u00c7elik konstr\u00fcksiyon projelerinde montaj, yap\u0131n\u0131n hayata ge\u00e7ti\u011fi en \u00f6nemli ad\u0131md\u0131r. Bayrak\u00e7\u0131 Metal, projeye \u00f6zel haz\u0131rlad\u0131\u011f\u0131 montaj planlar\u0131 sayesinde hem g\u00fcvenli hem de h\u0131zl\u0131 montaj&hellip;<\/p>","protected":false},"author":1,"featured_media":0,"parent":0,"menu_order":0,"comment_status":"closed","ping_status":"closed","template":"","meta":{"footnotes":""},"class_list":["post-8058","page","type-page","status-publish","hentry"],"yoast_head":"<!-- This site is optimized with the Yoast SEO Premium plugin v24.8 (Yoast SEO v24.8.1) - https:\/\/yoast.com\/wordpress\/plugins\/seo\/ -->\n<title>Montaj, Sevkiyat ve Sahada Uygulama | Bayrakc\u0131 Metal<\/title>\n<meta name=\"description\" content=\"Bayrakc\u0131 Metal, \u00e7elik konstr\u00fcksiyon projelerinde g\u00fcvenli ve h\u0131zl\u0131 montaj, sevkiyat ve sahada uygulama \u00e7\u00f6z\u00fcmleri sunar, kalite kontrol ile destekler.\" \/>\n<meta name=\"robots\" content=\"index, follow, max-snippet:-1, max-image-preview:large, max-video-preview:-1\" \/>\n<link rel=\"canonical\" href=\"https:\/\/bayrakcimetal.com.tr\/ar\/montaj\/\" \/>\n<meta property=\"og:locale\" content=\"ar_AR\" \/>\n<meta property=\"og:type\" content=\"article\" \/>\n<meta property=\"og:title\" content=\"Montaj\" \/>\n<meta property=\"og:description\" content=\"Bayrakc\u0131 Metal, \u00e7elik konstr\u00fcksiyon projelerinde g\u00fcvenli ve h\u0131zl\u0131 montaj, sevkiyat ve sahada uygulama \u00e7\u00f6z\u00fcmleri sunar, kalite kontrol ile destekler.\" \/>\n<meta property=\"og:url\" content=\"https:\/\/bayrakcimetal.com.tr\/ar\/montaj\/\" \/>\n<meta property=\"og:site_name\" content=\"Bayrakc\u0131 Metal \u2013 \u00c7elik Konstr\u00fcksiyon &amp; M\u00fchendislik\" \/>\n<meta property=\"article:publisher\" content=\"https:\/\/www.facebook.com\/bayrakcimetal\" \/>\n<meta property=\"article:modified_time\" content=\"2025-09-15T08:50:26+00:00\" \/>\n<meta property=\"og:image\" content=\"https:\/\/bayrakcimetal.com.tr\/wp-content\/uploads\/2025\/03\/montaj.png\" \/>\n<meta name=\"twitter:card\" content=\"summary_large_image\" \/>\n<meta name=\"twitter:site\" content=\"@bayrakcimetal\" \/>\n<meta name=\"twitter:label1\" content=\"\u0648\u0642\u062a \u0627\u0644\u0642\u0631\u0627\u0621\u0629 \u0627\u0644\u0645\u064f\u0642\u062f\u0651\u0631\" \/>\n\t<meta name=\"twitter:data1\" content=\"\u062f\u0642\u064a\u0642\u062a\u0627\u0646\" \/>\n<script type=\"application\/ld+json\" class=\"yoast-schema-graph\">{\"@context\":\"https:\/\/schema.org\",\"@graph\":[{\"@type\":\"WebPage\",\"@id\":\"https:\/\/bayrakcimetal.com.tr\/montaj\/\",\"url\":\"https:\/\/bayrakcimetal.com.tr\/montaj\/\",\"name\":\"Montaj, Sevkiyat ve Sahada Uygulama | Bayrakc\u0131 Metal\",\"isPartOf\":{\"@id\":\"https:\/\/bayrakcimetal.com.tr\/en\/#website\"},\"primaryImageOfPage\":{\"@id\":\"https:\/\/bayrakcimetal.com.tr\/montaj\/#primaryimage\"},\"image\":{\"@id\":\"https:\/\/bayrakcimetal.com.tr\/montaj\/#primaryimage\"},\"thumbnailUrl\":\"https:\/\/bayrakcimetal.com.tr\/wp-content\/uploads\/2025\/03\/montaj.png\",\"datePublished\":\"2025-03-29T16:23:38+00:00\",\"dateModified\":\"2025-09-15T08:50:26+00:00\",\"description\":\"Bayrakc\u0131 Metal, \u00e7elik konstr\u00fcksiyon projelerinde g\u00fcvenli ve h\u0131zl\u0131 montaj, sevkiyat ve sahada uygulama \u00e7\u00f6z\u00fcmleri sunar, kalite kontrol ile destekler.\",\"breadcrumb\":{\"@id\":\"https:\/\/bayrakcimetal.com.tr\/montaj\/#breadcrumb\"},\"inLanguage\":\"ar\",\"potentialAction\":[{\"@type\":\"ReadAction\",\"target\":[\"https:\/\/bayrakcimetal.com.tr\/montaj\/\"]}]},{\"@type\":\"ImageObject\",\"inLanguage\":\"ar\",\"@id\":\"https:\/\/bayrakcimetal.com.tr\/montaj\/#primaryimage\",\"url\":\"https:\/\/bayrakcimetal.com.tr\/wp-content\/uploads\/2025\/03\/montaj.png\",\"contentUrl\":\"https:\/\/bayrakcimetal.com.tr\/wp-content\/uploads\/2025\/03\/montaj.png\"},{\"@type\":\"BreadcrumbList\",\"@id\":\"https:\/\/bayrakcimetal.com.tr\/montaj\/#breadcrumb\",\"itemListElement\":[{\"@type\":\"ListItem\",\"position\":1,\"name\":\"Anasayfa\",\"item\":\"https:\/\/bayrakcimetal.com.tr\/\"},{\"@type\":\"ListItem\",\"position\":2,\"name\":\"Montaj\"}]},{\"@type\":\"WebSite\",\"@id\":\"https:\/\/bayrakcimetal.com.tr\/en\/#website\",\"url\":\"https:\/\/bayrakcimetal.com.tr\/en\/\",\"name\":\"\u00c7elik Konstr\u00fcksiyon ve \u015eantiye Donan\u0131mlar\u0131 \u0130malat\u0131 | Bayrakc\u0131 Metal\",\"description\":\"G\u00fc\u00e7l\u00fc \u00c7\u00f6z\u00fcmler, G\u00fcvenilir Yap\u0131lar\",\"publisher\":{\"@id\":\"https:\/\/bayrakcimetal.com.tr\/en\/#organization\"},\"potentialAction\":[{\"@type\":\"SearchAction\",\"target\":{\"@type\":\"EntryPoint\",\"urlTemplate\":\"https:\/\/bayrakcimetal.com.tr\/en\/?s={search_term_string}\"},\"query-input\":{\"@type\":\"PropertyValueSpecification\",\"valueRequired\":true,\"valueName\":\"search_term_string\"}}],\"inLanguage\":\"ar\"},{\"@type\":\"Organization\",\"@id\":\"https:\/\/bayrakcimetal.com.tr\/en\/#organization\",\"name\":\"Bayrakc\u0131 \u0130n\u015faat Metal Sanayi Ticaret Limited \u015eirketi\",\"url\":\"https:\/\/bayrakcimetal.com.tr\/en\/\",\"logo\":{\"@type\":\"ImageObject\",\"inLanguage\":\"ar\",\"@id\":\"https:\/\/bayrakcimetal.com.tr\/en\/#\/schema\/logo\/image\/\",\"url\":\"https:\/\/bayrakcimetal.com.tr\/wp-content\/uploads\/2025\/09\/411975411_800495428757629_2559435011480789695_n.jpg\",\"contentUrl\":\"https:\/\/bayrakcimetal.com.tr\/wp-content\/uploads\/2025\/09\/411975411_800495428757629_2559435011480789695_n.jpg\",\"width\":1080,\"height\":1080,\"caption\":\"Bayrakc\u0131 \u0130n\u015faat Metal Sanayi Ticaret Limited \u015eirketi\"},\"image\":{\"@id\":\"https:\/\/bayrakcimetal.com.tr\/en\/#\/schema\/logo\/image\/\"},\"sameAs\":[\"https:\/\/www.facebook.com\/bayrakcimetal\",\"https:\/\/x.com\/bayrakcimetal\",\"https:\/\/www.instagram.com\/bayrakcimetal\/\",\"https:\/\/tr.linkedin.com\/company\/bayrakc-inaat-metal-san-ve-tic-ltd-ti-\"]}]}<\/script>\n<!-- \/ Yoast SEO Premium plugin. -->","yoast_head_json":{"title":"Montaj, Sevkiyat ve Sahada Uygulama | Bayrakc\u0131 Metal","description":"Bayrakc\u0131 Metal, \u00e7elik konstr\u00fcksiyon projelerinde g\u00fcvenli ve h\u0131zl\u0131 montaj, sevkiyat ve sahada uygulama \u00e7\u00f6z\u00fcmleri sunar, kalite kontrol ile destekler.","robots":{"index":"index","follow":"follow","max-snippet":"max-snippet:-1","max-image-preview":"max-image-preview:large","max-video-preview":"max-video-preview:-1"},"canonical":"https:\/\/bayrakcimetal.com.tr\/ar\/montaj\/","og_locale":"ar_AR","og_type":"article","og_title":"Montaj","og_description":"Bayrakc\u0131 Metal, \u00e7elik konstr\u00fcksiyon projelerinde g\u00fcvenli ve h\u0131zl\u0131 montaj, sevkiyat ve sahada uygulama \u00e7\u00f6z\u00fcmleri sunar, kalite kontrol ile destekler.","og_url":"https:\/\/bayrakcimetal.com.tr\/ar\/montaj\/","og_site_name":"Bayrakc\u0131 Metal \u2013 \u00c7elik Konstr\u00fcksiyon &amp; M\u00fchendislik","article_publisher":"https:\/\/www.facebook.com\/bayrakcimetal","article_modified_time":"2025-09-15T08:50:26+00:00","og_image":[{"url":"https:\/\/bayrakcimetal.com.tr\/wp-content\/uploads\/2025\/03\/montaj.png","type":"","width":"","height":""}],"twitter_card":"summary_large_image","twitter_site":"@bayrakcimetal","twitter_misc":{"\u0648\u0642\u062a \u0627\u0644\u0642\u0631\u0627\u0621\u0629 \u0627\u0644\u0645\u064f\u0642\u062f\u0651\u0631":"\u062f\u0642\u064a\u0642\u062a\u0627\u0646"},"schema":{"@context":"https:\/\/schema.org","@graph":[{"@type":"WebPage","@id":"https:\/\/bayrakcimetal.com.tr\/montaj\/","url":"https:\/\/bayrakcimetal.com.tr\/montaj\/","name":"Montaj, Sevkiyat ve Sahada Uygulama | Bayrakc\u0131 Metal","isPartOf":{"@id":"https:\/\/bayrakcimetal.com.tr\/en\/#website"},"primaryImageOfPage":{"@id":"https:\/\/bayrakcimetal.com.tr\/montaj\/#primaryimage"},"image":{"@id":"https:\/\/bayrakcimetal.com.tr\/montaj\/#primaryimage"},"thumbnailUrl":"https:\/\/bayrakcimetal.com.tr\/wp-content\/uploads\/2025\/03\/montaj.png","datePublished":"2025-03-29T16:23:38+00:00","dateModified":"2025-09-15T08:50:26+00:00","description":"Bayrakc\u0131 Metal, \u00e7elik konstr\u00fcksiyon projelerinde g\u00fcvenli ve h\u0131zl\u0131 montaj, sevkiyat ve sahada uygulama \u00e7\u00f6z\u00fcmleri sunar, kalite kontrol ile destekler.","breadcrumb":{"@id":"https:\/\/bayrakcimetal.com.tr\/montaj\/#breadcrumb"},"inLanguage":"ar","potentialAction":[{"@type":"ReadAction","target":["https:\/\/bayrakcimetal.com.tr\/montaj\/"]}]},{"@type":"ImageObject","inLanguage":"ar","@id":"https:\/\/bayrakcimetal.com.tr\/montaj\/#primaryimage","url":"https:\/\/bayrakcimetal.com.tr\/wp-content\/uploads\/2025\/03\/montaj.png","contentUrl":"https:\/\/bayrakcimetal.com.tr\/wp-content\/uploads\/2025\/03\/montaj.png"},{"@type":"BreadcrumbList","@id":"https:\/\/bayrakcimetal.com.tr\/montaj\/#breadcrumb","itemListElement":[{"@type":"ListItem","position":1,"name":"Anasayfa","item":"https:\/\/bayrakcimetal.com.tr\/"},{"@type":"ListItem","position":2,"name":"Montaj"}]},{"@type":"WebSite","@id":"https:\/\/bayrakcimetal.com.tr\/en\/#website","url":"https:\/\/bayrakcimetal.com.tr\/en\/","name":"\u00c7elik Konstr\u00fcksiyon ve \u015eantiye Donan\u0131mlar\u0131 \u0130malat\u0131 | Bayrakc\u0131 Metal","description":"G\u00fc\u00e7l\u00fc \u00c7\u00f6z\u00fcmler, G\u00fcvenilir Yap\u0131lar","publisher":{"@id":"https:\/\/bayrakcimetal.com.tr\/en\/#organization"},"potentialAction":[{"@type":"SearchAction","target":{"@type":"EntryPoint","urlTemplate":"https:\/\/bayrakcimetal.com.tr\/en\/?s={search_term_string}"},"query-input":{"@type":"PropertyValueSpecification","valueRequired":true,"valueName":"search_term_string"}}],"inLanguage":"ar"},{"@type":"Organization","@id":"https:\/\/bayrakcimetal.com.tr\/en\/#organization","name":"Bayrakc\u0131 \u0130n\u015faat Metal Sanayi Ticaret Limited \u015eirketi","url":"https:\/\/bayrakcimetal.com.tr\/en\/","logo":{"@type":"ImageObject","inLanguage":"ar","@id":"https:\/\/bayrakcimetal.com.tr\/en\/#\/schema\/logo\/image\/","url":"https:\/\/bayrakcimetal.com.tr\/wp-content\/uploads\/2025\/09\/411975411_800495428757629_2559435011480789695_n.jpg","contentUrl":"https:\/\/bayrakcimetal.com.tr\/wp-content\/uploads\/2025\/09\/411975411_800495428757629_2559435011480789695_n.jpg","width":1080,"height":1080,"caption":"Bayrakc\u0131 \u0130n\u015faat Metal Sanayi Ticaret Limited \u015eirketi"},"image":{"@id":"https:\/\/bayrakcimetal.com.tr\/en\/#\/schema\/logo\/image\/"},"sameAs":["https:\/\/www.facebook.com\/bayrakcimetal","https:\/\/x.com\/bayrakcimetal","https:\/\/www.instagram.com\/bayrakcimetal\/","https:\/\/tr.linkedin.com\/company\/bayrakc-inaat-metal-san-ve-tic-ltd-ti-"]}]}},"_links":{"self":[{"href":"https:\/\/bayrakcimetal.com.tr\/ar\/wp-json\/wp\/v2\/pages\/8058","targetHints":{"allow":["GET"]}}],"collection":[{"href":"https:\/\/bayrakcimetal.com.tr\/ar\/wp-json\/wp\/v2\/pages"}],"about":[{"href":"https:\/\/bayrakcimetal.com.tr\/ar\/wp-json\/wp\/v2\/types\/page"}],"author":[{"embeddable":true,"href":"https:\/\/bayrakcimetal.com.tr\/ar\/wp-json\/wp\/v2\/users\/1"}],"replies":[{"embeddable":true,"href":"https:\/\/bayrakcimetal.com.tr\/ar\/wp-json\/wp\/v2\/comments?post=8058"}],"version-history":[{"count":32,"href":"https:\/\/bayrakcimetal.com.tr\/ar\/wp-json\/wp\/v2\/pages\/8058\/revisions"}],"predecessor-version":[{"id":9569,"href":"https:\/\/bayrakcimetal.com.tr\/ar\/wp-json\/wp\/v2\/pages\/8058\/revisions\/9569"}],"wp:attachment":[{"href":"https:\/\/bayrakcimetal.com.tr\/ar\/wp-json\/wp\/v2\/media?parent=8058"}],"curies":[{"name":"wp","href":"https:\/\/api.w.org\/{rel}","templated":true}]}}