{"id":8052,"date":"2025-03-29T19:22:26","date_gmt":"2025-03-29T16:22:26","guid":{"rendered":"https:\/\/bayrakcimetal.com.tr\/?page_id=8052"},"modified":"2025-09-15T11:51:00","modified_gmt":"2025-09-15T08:51:00","slug":"proje","status":"publish","type":"page","link":"https:\/\/bayrakcimetal.com.tr\/en\/project\/","title":{"rendered":"Project"},"content":{"rendered":"<div data-elementor-type=\"wp-page\" data-elementor-id=\"8052\" class=\"elementor elementor-8052\" data-elementor-post-type=\"page\">\n\t\t\t\t<div class=\"elementor-element elementor-element-4f4aac6c e-flex e-con-boxed sc_layouts_column_icons_position_left e-con e-parent\" data-id=\"4f4aac6c\" data-element_type=\"container\">\n\t\t\t\t\t<div class=\"e-con-inner\">\n\t\t\t\t<div class=\"elementor-element elementor-element-81c06aa sc_height_tiny exad-sticky-section-no exad-glass-effect-no elementor-widget elementor-widget-spacer\" data-id=\"81c06aa\" data-element_type=\"widget\" data-widget_type=\"spacer.default\">\n\t\t\t\t\t\t\t<div class=\"elementor-spacer\">\n\t\t\t<div class=\"elementor-spacer-inner\"><\/div>\n\t\t<\/div>\n\t\t\t\t\t\t<\/div>\n\t\t\t\t\t<\/div>\n\t\t\t\t<\/div>\n\t\t\t\t<section data-exad-particle-enable=\"false\" class=\"elementor-section elementor-top-section elementor-element elementor-element-582c1bb1 elementor-section-boxed elementor-section-height-default elementor-section-height-default exad-parallax-effect-no exad-background-color-change-no exad-glass-effect-no exad-sticky-section-no sc_fly_static\" data-id=\"582c1bb1\" data-element_type=\"section\" data-settings=\"{&quot;background_background&quot;:&quot;classic&quot;}\">\n\t\t\t\t\t\t<div class=\"elementor-container elementor-column-gap-extended\">\n\t\t\t\t\t<div class=\"elementor-column elementor-col-50 elementor-top-column elementor-element elementor-element-339dce3 sc_content_align_inherit sc_layouts_column_icons_position_left exad-glass-effect-no exad-sticky-section-no sc_fly_static\" data-id=\"339dce3\" data-element_type=\"column\">\n\t\t\t<div class=\"elementor-widget-wrap elementor-element-populated\">\n\t\t\t\t\t\t<div class=\"elementor-element elementor-element-29e5848b elementor-pagination-position-inside elementor-widget__width-initial elementor-arrows-position-inside exad-sticky-section-no exad-glass-effect-no elementor-widget elementor-widget-image-carousel\" data-id=\"29e5848b\" data-element_type=\"widget\" data-settings=\"{&quot;slides_to_show&quot;:&quot;1&quot;,&quot;navigation&quot;:&quot;both&quot;,&quot;infinite&quot;:&quot;yes&quot;,&quot;effect&quot;:&quot;slide&quot;,&quot;speed&quot;:500}\" data-widget_type=\"image-carousel.default\">\n\t\t\t\t\t\t\t<div class=\"elementor-image-carousel-wrapper swiper\" role=\"region\" aria-roledescription=\"carousel\" aria-label=\"Image Loop\" dir=\"ltr\">\n\t\t\t<div class=\"elementor-image-carousel swiper-wrapper\" aria-live=\"polite\">\n\t\t\t\t\t\t\t\t<div class=\"swiper-slide\" role=\"group\" aria-roledescription=\"slide\" aria-label=\"1 of 1\"><figure class=\"swiper-slide-inner\"><img decoding=\"async\" class=\"swiper-slide-image\" src=\"https:\/\/bayrakcimetal.com.tr\/wp-content\/uploads\/2025\/03\/proje.png\" alt=\"proje\" \/><\/figure><\/div>\t\t\t<\/div>\n\t\t\t\t\t<\/div>\n\t\t\t\t\t\t<\/div>\n\t\t\t\t<div class=\"elementor-element elementor-element-3e09c38 sc_height_tiny exad-sticky-section-no exad-glass-effect-no elementor-widget elementor-widget-spacer\" data-id=\"3e09c38\" data-element_type=\"widget\" data-widget_type=\"spacer.default\">\n\t\t\t\t\t\t\t<div class=\"elementor-spacer\">\n\t\t\t<div class=\"elementor-spacer-inner\"><\/div>\n\t\t<\/div>\n\t\t\t\t\t\t<\/div>\n\t\t\t\t\t<\/div>\n\t\t<\/div>\n\t\t\t\t<div class=\"elementor-column elementor-col-50 elementor-top-column elementor-element elementor-element-3918d513 sc_content_align_inherit sc_layouts_column_icons_position_left exad-glass-effect-no exad-sticky-section-no sc_fly_static\" data-id=\"3918d513\" data-element_type=\"column\">\n\t\t\t<div class=\"elementor-widget-wrap elementor-element-populated\">\n\t\t\t\t\t\t<div class=\"elementor-element elementor-element-11f313f0 sc_height_tiny exad-sticky-section-no exad-glass-effect-no elementor-widget elementor-widget-spacer\" data-id=\"11f313f0\" data-element_type=\"widget\" data-widget_type=\"spacer.default\">\n\t\t\t\t\t\t\t<div class=\"elementor-spacer\">\n\t\t\t<div class=\"elementor-spacer-inner\"><\/div>\n\t\t<\/div>\n\t\t\t\t\t\t<\/div>\n\t\t\t\t<div class=\"elementor-element elementor-element-3190ec57 elementor-widget__width-initial exad-sticky-section-no exad-glass-effect-no sc_fly_static elementor-widget elementor-widget-trx_sc_title\" data-id=\"3190ec57\" data-element_type=\"widget\" data-widget_type=\"trx_sc_title.default\">\n\t\t\t\t<div class=\"elementor-widget-container\">\n\t\t\t\t\t<div\t\tclass=\"sc_title sc_title_default\" ><h1 class=\"sc_item_title sc_title_title sc_item_title_style_default sc_item_title_tag\"\n\t\t\t><span class=\"sc_item_title_text\">On-site exploration and project design<\/span><\/h1><div class=\"sc_item_descr sc_title_descr\"><p>As Bayrakc\u0131 Metal, we know that the basis of every successful building is correct planning and engineering. For this reason, we attach great importance to the project design process. The first step starts with a detailed on-site survey. During the exploration process, ground condition, building environment, area measurements and work safety criteria are evaluated. All technical data obtained are analysed by our engineering team and project-specific solutions are developed.<\/p>\n<\/div><\/div>\t\t\t\t<\/div>\n\t\t\t\t<\/div>\n\t\t\t\t<div class=\"elementor-element elementor-element-2854104c sc_height_tiny exad-sticky-section-no exad-glass-effect-no elementor-widget elementor-widget-spacer\" data-id=\"2854104c\" data-element_type=\"widget\" data-widget_type=\"spacer.default\">\n\t\t\t\t\t\t\t<div class=\"elementor-spacer\">\n\t\t\t<div class=\"elementor-spacer-inner\"><\/div>\n\t\t<\/div>\n\t\t\t\t\t\t<\/div>\n\t\t\t\t<div class=\"elementor-element elementor-element-69f92b2d exad-sticky-section-no exad-glass-effect-no elementor-widget elementor-widget-text-editor\" data-id=\"69f92b2d\" data-element_type=\"widget\" data-widget_type=\"text-editor.default\">\n\t\t\t\t\t\t\t\t\t<p>Thanks to detailed drawings prepared with modern CAD software, both the manufacturing process and assembly planning are optimised. Optimised engineering solutions are provided by taking into account static calculations and structural compatibility.<\/p><p>Bayrakc\u0131 Metal not only prepares the project but also coordinates all production and assembly processes according to this plan.<\/p><p data-start=\"403\" data-end=\"656\"><!-- \/wp:paragraph --><!-- wp:paragraph --><\/p>\t\t\t\t\t\t\t\t<\/div>\n\t\t\t\t<div class=\"elementor-element elementor-element-41b2ae40 sc_height_tiny exad-sticky-section-no exad-glass-effect-no elementor-widget elementor-widget-spacer\" data-id=\"41b2ae40\" data-element_type=\"widget\" data-widget_type=\"spacer.default\">\n\t\t\t\t\t\t\t<div class=\"elementor-spacer\">\n\t\t\t<div class=\"elementor-spacer-inner\"><\/div>\n\t\t<\/div>\n\t\t\t\t\t\t<\/div>\n\t\t\t\t\t<\/div>\n\t\t<\/div>\n\t\t\t\t\t<\/div>\n\t\t<\/section>\n\t\t\t\t<section data-exad-particle-enable=\"false\" class=\"elementor-section elementor-top-section elementor-element elementor-element-2dfaa4b elementor-section-boxed elementor-section-height-default elementor-section-height-default exad-parallax-effect-no exad-background-color-change-no exad-glass-effect-no exad-sticky-section-no sc_fly_static\" data-id=\"2dfaa4b\" data-element_type=\"section\" data-settings=\"{&quot;background_background&quot;:&quot;classic&quot;}\">\n\t\t\t\t\t\t<div class=\"elementor-container elementor-column-gap-extended\">\n\t\t\t\t\t<div class=\"elementor-column elementor-col-100 elementor-top-column elementor-element elementor-element-9e1b6dd sc_content_align_inherit sc_layouts_column_icons_position_left exad-glass-effect-no exad-sticky-section-no sc_fly_static\" data-id=\"9e1b6dd\" data-element_type=\"column\">\n\t\t\t<div class=\"elementor-widget-wrap elementor-element-populated\">\n\t\t\t\t\t\t<div class=\"elementor-element elementor-element-7d49dee exad-sticky-section-no exad-glass-effect-no sc_fly_static elementor-widget elementor-widget-trx_sc_title\" data-id=\"7d49dee\" data-element_type=\"widget\" data-widget_type=\"trx_sc_title.default\">\n\t\t\t\t<div class=\"elementor-widget-container\">\n\t\t\t\t\t<div\t\tclass=\"sc_title sc_title_default\" ><div class=\"sc_item_descr sc_title_descr\"><p>As Bayrakc\u0131 Metal, we are with you at all stages of your steel construction projects. We offer all the solutions you need from project design to manufacturing, from quality control processes to assembly in the field from a single source.<\/p>\n<p>You can contact us at talep@bayrakcimetal.com.tr for special design requests, steel mezzanine and mezzanine floors with the specifications you want. You can also contact us by filling out the form in the \"Contact\" section or via our phones. We provide service to all parts of Turkey, especially Istanbul.<\/p>\n<p>Although our headquarters is in Istanbul, we serve all over Turkey. You dream, we turn it into reality with our engineering power.<\/p>\n<\/div><div\tclass=\"sc_item_button sc_button_wrap sc_item_button sc_item_button_default sc_item_button_size_normal sc_title_button\"><a href=\"#teklifal\" class=\"sc_button sc_button_default sc_button_size_normal sc_button_icon_left\"><span class=\"sc_button_text\"><span class=\"sc_button_title\">Get Offer<\/span><\/span><\/a><\/div><\/div>\t\t\t\t<\/div>\n\t\t\t\t<\/div>\n\t\t\t\t\t<\/div>\n\t\t<\/div>\n\t\t\t\t\t<\/div>\n\t\t<\/section>\n\t\t<div class=\"elementor-element elementor-element-3831c66 e-flex e-con-boxed sc_layouts_column_icons_position_left e-con e-parent\" data-id=\"3831c66\" data-element_type=\"container\">\n\t\t\t\t\t<div class=\"e-con-inner\">\n\t\t\t\t<div class=\"elementor-element elementor-element-bd20200 sc_height_small elementor-widget__width-inherit exad-sticky-section-no exad-glass-effect-no elementor-widget elementor-widget-spacer\" data-id=\"bd20200\" data-element_type=\"widget\" data-widget_type=\"spacer.default\">\n\t\t\t\t\t\t\t<div class=\"elementor-spacer\">\n\t\t\t<div class=\"elementor-spacer-inner\"><\/div>\n\t\t<\/div>\n\t\t\t\t\t\t<\/div>\n\t\t\t\t\t<\/div>\n\t\t\t\t<\/div>\n\t\t\t\t<\/div>","protected":false},"excerpt":{"rendered":"<p>Proje \u2013 Yerinde Ke\u015fif ve Projelendirme Bayrakc\u0131 Metal olarak, her ba\u015far\u0131l\u0131 yap\u0131n\u0131n temelinde do\u011fru planlama ve m\u00fchendislik oldu\u011funu biliyoruz. Bu nedenle projelendirme s\u00fcrecine b\u00fcy\u00fck \u00f6nem veriyoruz. \u0130lk ad\u0131m, sahada yap\u0131lan&hellip;<\/p>","protected":false},"author":1,"featured_media":0,"parent":0,"menu_order":0,"comment_status":"closed","ping_status":"closed","template":"","meta":{"footnotes":""},"class_list":["post-8052","page","type-page","status-publish","hentry"],"yoast_head":"<!-- This site is optimized with the Yoast SEO Premium plugin v24.8 (Yoast SEO v24.8.1) - https:\/\/yoast.com\/wordpress\/plugins\/seo\/ -->\n<title>Proje, Yerinde Ke\u015fif ve Projelendirme | Bayrakc\u0131 Metal<\/title>\n<meta name=\"description\" content=\"Bayrakc\u0131 Metal, yerinde ke\u015fif ve detayl\u0131 projelendirme ile \u00e7elik konstr\u00fcksiyon projelerinde m\u00fchendislik \u00e7\u00f6z\u00fcmleri ve optimize tasar\u0131mlar sunar.\" \/>\n<meta name=\"robots\" content=\"index, follow, max-snippet:-1, max-image-preview:large, max-video-preview:-1\" \/>\n<link rel=\"canonical\" href=\"https:\/\/bayrakcimetal.com.tr\/en\/project\/\" \/>\n<meta property=\"og:locale\" content=\"en_GB\" \/>\n<meta property=\"og:type\" content=\"article\" \/>\n<meta property=\"og:title\" content=\"Proje\" \/>\n<meta property=\"og:description\" content=\"Bayrakc\u0131 Metal, yerinde ke\u015fif ve detayl\u0131 projelendirme ile \u00e7elik konstr\u00fcksiyon projelerinde m\u00fchendislik \u00e7\u00f6z\u00fcmleri ve optimize tasar\u0131mlar sunar.\" \/>\n<meta property=\"og:url\" content=\"https:\/\/bayrakcimetal.com.tr\/en\/project\/\" \/>\n<meta property=\"og:site_name\" content=\"Bayrakc\u0131 Metal \u2013 \u00c7elik Konstr\u00fcksiyon &amp; M\u00fchendislik\" \/>\n<meta property=\"article:publisher\" content=\"https:\/\/www.facebook.com\/bayrakcimetal\" \/>\n<meta property=\"article:modified_time\" content=\"2025-09-15T08:51:00+00:00\" \/>\n<meta property=\"og:image\" content=\"https:\/\/bayrakcimetal.com.tr\/wp-content\/uploads\/2025\/03\/proje.png\" \/>\n<meta name=\"twitter:card\" content=\"summary_large_image\" \/>\n<meta name=\"twitter:site\" content=\"@bayrakcimetal\" \/>\n<meta name=\"twitter:label1\" content=\"Estimated reading time\" \/>\n\t<meta name=\"twitter:data1\" content=\"2 minutes\" \/>\n<script type=\"application\/ld+json\" class=\"yoast-schema-graph\">{\"@context\":\"https:\/\/schema.org\",\"@graph\":[{\"@type\":\"WebPage\",\"@id\":\"https:\/\/bayrakcimetal.com.tr\/proje\/\",\"url\":\"https:\/\/bayrakcimetal.com.tr\/proje\/\",\"name\":\"Proje, Yerinde Ke\u015fif ve Projelendirme | Bayrakc\u0131 Metal\",\"isPartOf\":{\"@id\":\"https:\/\/bayrakcimetal.com.tr\/en\/#website\"},\"primaryImageOfPage\":{\"@id\":\"https:\/\/bayrakcimetal.com.tr\/proje\/#primaryimage\"},\"image\":{\"@id\":\"https:\/\/bayrakcimetal.com.tr\/proje\/#primaryimage\"},\"thumbnailUrl\":\"https:\/\/bayrakcimetal.com.tr\/wp-content\/uploads\/2025\/03\/proje.png\",\"datePublished\":\"2025-03-29T16:22:26+00:00\",\"dateModified\":\"2025-09-15T08:51:00+00:00\",\"description\":\"Bayrakc\u0131 Metal, yerinde ke\u015fif ve detayl\u0131 projelendirme ile \u00e7elik konstr\u00fcksiyon projelerinde m\u00fchendislik \u00e7\u00f6z\u00fcmleri ve optimize tasar\u0131mlar sunar.\",\"breadcrumb\":{\"@id\":\"https:\/\/bayrakcimetal.com.tr\/proje\/#breadcrumb\"},\"inLanguage\":\"en-GB\",\"potentialAction\":[{\"@type\":\"ReadAction\",\"target\":[\"https:\/\/bayrakcimetal.com.tr\/proje\/\"]}]},{\"@type\":\"ImageObject\",\"inLanguage\":\"en-GB\",\"@id\":\"https:\/\/bayrakcimetal.com.tr\/proje\/#primaryimage\",\"url\":\"https:\/\/bayrakcimetal.com.tr\/wp-content\/uploads\/2025\/03\/proje.png\",\"contentUrl\":\"https:\/\/bayrakcimetal.com.tr\/wp-content\/uploads\/2025\/03\/proje.png\"},{\"@type\":\"BreadcrumbList\",\"@id\":\"https:\/\/bayrakcimetal.com.tr\/proje\/#breadcrumb\",\"itemListElement\":[{\"@type\":\"ListItem\",\"position\":1,\"name\":\"Anasayfa\",\"item\":\"https:\/\/bayrakcimetal.com.tr\/\"},{\"@type\":\"ListItem\",\"position\":2,\"name\":\"Proje\"}]},{\"@type\":\"WebSite\",\"@id\":\"https:\/\/bayrakcimetal.com.tr\/en\/#website\",\"url\":\"https:\/\/bayrakcimetal.com.tr\/en\/\",\"name\":\"\u00c7elik Konstr\u00fcksiyon ve \u015eantiye Donan\u0131mlar\u0131 \u0130malat\u0131 | Bayrakc\u0131 Metal\",\"description\":\"G\u00fc\u00e7l\u00fc \u00c7\u00f6z\u00fcmler, G\u00fcvenilir Yap\u0131lar\",\"publisher\":{\"@id\":\"https:\/\/bayrakcimetal.com.tr\/en\/#organization\"},\"potentialAction\":[{\"@type\":\"SearchAction\",\"target\":{\"@type\":\"EntryPoint\",\"urlTemplate\":\"https:\/\/bayrakcimetal.com.tr\/en\/?s={search_term_string}\"},\"query-input\":{\"@type\":\"PropertyValueSpecification\",\"valueRequired\":true,\"valueName\":\"search_term_string\"}}],\"inLanguage\":\"en-GB\"},{\"@type\":\"Organization\",\"@id\":\"https:\/\/bayrakcimetal.com.tr\/en\/#organization\",\"name\":\"Bayrakc\u0131 \u0130n\u015faat Metal Sanayi Ticaret Limited \u015eirketi\",\"url\":\"https:\/\/bayrakcimetal.com.tr\/en\/\",\"logo\":{\"@type\":\"ImageObject\",\"inLanguage\":\"en-GB\",\"@id\":\"https:\/\/bayrakcimetal.com.tr\/en\/#\/schema\/logo\/image\/\",\"url\":\"https:\/\/bayrakcimetal.com.tr\/wp-content\/uploads\/2025\/09\/411975411_800495428757629_2559435011480789695_n.jpg\",\"contentUrl\":\"https:\/\/bayrakcimetal.com.tr\/wp-content\/uploads\/2025\/09\/411975411_800495428757629_2559435011480789695_n.jpg\",\"width\":1080,\"height\":1080,\"caption\":\"Bayrakc\u0131 \u0130n\u015faat Metal Sanayi Ticaret Limited \u015eirketi\"},\"image\":{\"@id\":\"https:\/\/bayrakcimetal.com.tr\/en\/#\/schema\/logo\/image\/\"},\"sameAs\":[\"https:\/\/www.facebook.com\/bayrakcimetal\",\"https:\/\/x.com\/bayrakcimetal\",\"https:\/\/www.instagram.com\/bayrakcimetal\/\",\"https:\/\/tr.linkedin.com\/company\/bayrakc-inaat-metal-san-ve-tic-ltd-ti-\"]}]}<\/script>\n<!-- \/ Yoast SEO Premium plugin. -->","yoast_head_json":{"title":"Proje, Yerinde Ke\u015fif ve Projelendirme | Bayrakc\u0131 Metal","description":"Bayrakc\u0131 Metal, yerinde ke\u015fif ve detayl\u0131 projelendirme ile \u00e7elik konstr\u00fcksiyon projelerinde m\u00fchendislik \u00e7\u00f6z\u00fcmleri ve optimize tasar\u0131mlar sunar.","robots":{"index":"index","follow":"follow","max-snippet":"max-snippet:-1","max-image-preview":"max-image-preview:large","max-video-preview":"max-video-preview:-1"},"canonical":"https:\/\/bayrakcimetal.com.tr\/en\/project\/","og_locale":"en_GB","og_type":"article","og_title":"Proje","og_description":"Bayrakc\u0131 Metal, yerinde ke\u015fif ve detayl\u0131 projelendirme ile \u00e7elik konstr\u00fcksiyon projelerinde m\u00fchendislik \u00e7\u00f6z\u00fcmleri ve optimize tasar\u0131mlar sunar.","og_url":"https:\/\/bayrakcimetal.com.tr\/en\/project\/","og_site_name":"Bayrakc\u0131 Metal \u2013 \u00c7elik Konstr\u00fcksiyon &amp; M\u00fchendislik","article_publisher":"https:\/\/www.facebook.com\/bayrakcimetal","article_modified_time":"2025-09-15T08:51:00+00:00","og_image":[{"url":"https:\/\/bayrakcimetal.com.tr\/wp-content\/uploads\/2025\/03\/proje.png","type":"","width":"","height":""}],"twitter_card":"summary_large_image","twitter_site":"@bayrakcimetal","twitter_misc":{"Estimated reading time":"2 minutes"},"schema":{"@context":"https:\/\/schema.org","@graph":[{"@type":"WebPage","@id":"https:\/\/bayrakcimetal.com.tr\/proje\/","url":"https:\/\/bayrakcimetal.com.tr\/proje\/","name":"Proje, Yerinde Ke\u015fif ve Projelendirme | Bayrakc\u0131 Metal","isPartOf":{"@id":"https:\/\/bayrakcimetal.com.tr\/en\/#website"},"primaryImageOfPage":{"@id":"https:\/\/bayrakcimetal.com.tr\/proje\/#primaryimage"},"image":{"@id":"https:\/\/bayrakcimetal.com.tr\/proje\/#primaryimage"},"thumbnailUrl":"https:\/\/bayrakcimetal.com.tr\/wp-content\/uploads\/2025\/03\/proje.png","datePublished":"2025-03-29T16:22:26+00:00","dateModified":"2025-09-15T08:51:00+00:00","description":"Bayrakc\u0131 Metal, yerinde ke\u015fif ve detayl\u0131 projelendirme ile \u00e7elik konstr\u00fcksiyon projelerinde m\u00fchendislik \u00e7\u00f6z\u00fcmleri ve optimize tasar\u0131mlar sunar.","breadcrumb":{"@id":"https:\/\/bayrakcimetal.com.tr\/proje\/#breadcrumb"},"inLanguage":"en-GB","potentialAction":[{"@type":"ReadAction","target":["https:\/\/bayrakcimetal.com.tr\/proje\/"]}]},{"@type":"ImageObject","inLanguage":"en-GB","@id":"https:\/\/bayrakcimetal.com.tr\/proje\/#primaryimage","url":"https:\/\/bayrakcimetal.com.tr\/wp-content\/uploads\/2025\/03\/proje.png","contentUrl":"https:\/\/bayrakcimetal.com.tr\/wp-content\/uploads\/2025\/03\/proje.png"},{"@type":"BreadcrumbList","@id":"https:\/\/bayrakcimetal.com.tr\/proje\/#breadcrumb","itemListElement":[{"@type":"ListItem","position":1,"name":"Anasayfa","item":"https:\/\/bayrakcimetal.com.tr\/"},{"@type":"ListItem","position":2,"name":"Proje"}]},{"@type":"WebSite","@id":"https:\/\/bayrakcimetal.com.tr\/en\/#website","url":"https:\/\/bayrakcimetal.com.tr\/en\/","name":"\u00c7elik Konstr\u00fcksiyon ve \u015eantiye Donan\u0131mlar\u0131 \u0130malat\u0131 | Bayrakc\u0131 Metal","description":"G\u00fc\u00e7l\u00fc \u00c7\u00f6z\u00fcmler, G\u00fcvenilir Yap\u0131lar","publisher":{"@id":"https:\/\/bayrakcimetal.com.tr\/en\/#organization"},"potentialAction":[{"@type":"SearchAction","target":{"@type":"EntryPoint","urlTemplate":"https:\/\/bayrakcimetal.com.tr\/en\/?s={search_term_string}"},"query-input":{"@type":"PropertyValueSpecification","valueRequired":true,"valueName":"search_term_string"}}],"inLanguage":"en-GB"},{"@type":"Organization","@id":"https:\/\/bayrakcimetal.com.tr\/en\/#organization","name":"Bayrakc\u0131 \u0130n\u015faat Metal Sanayi Ticaret Limited \u015eirketi","url":"https:\/\/bayrakcimetal.com.tr\/en\/","logo":{"@type":"ImageObject","inLanguage":"en-GB","@id":"https:\/\/bayrakcimetal.com.tr\/en\/#\/schema\/logo\/image\/","url":"https:\/\/bayrakcimetal.com.tr\/wp-content\/uploads\/2025\/09\/411975411_800495428757629_2559435011480789695_n.jpg","contentUrl":"https:\/\/bayrakcimetal.com.tr\/wp-content\/uploads\/2025\/09\/411975411_800495428757629_2559435011480789695_n.jpg","width":1080,"height":1080,"caption":"Bayrakc\u0131 \u0130n\u015faat Metal Sanayi Ticaret Limited \u015eirketi"},"image":{"@id":"https:\/\/bayrakcimetal.com.tr\/en\/#\/schema\/logo\/image\/"},"sameAs":["https:\/\/www.facebook.com\/bayrakcimetal","https:\/\/x.com\/bayrakcimetal","https:\/\/www.instagram.com\/bayrakcimetal\/","https:\/\/tr.linkedin.com\/company\/bayrakc-inaat-metal-san-ve-tic-ltd-ti-"]}]}},"_links":{"self":[{"href":"https:\/\/bayrakcimetal.com.tr\/en\/wp-json\/wp\/v2\/pages\/8052","targetHints":{"allow":["GET"]}}],"collection":[{"href":"https:\/\/bayrakcimetal.com.tr\/en\/wp-json\/wp\/v2\/pages"}],"about":[{"href":"https:\/\/bayrakcimetal.com.tr\/en\/wp-json\/wp\/v2\/types\/page"}],"author":[{"embeddable":true,"href":"https:\/\/bayrakcimetal.com.tr\/en\/wp-json\/wp\/v2\/users\/1"}],"replies":[{"embeddable":true,"href":"https:\/\/bayrakcimetal.com.tr\/en\/wp-json\/wp\/v2\/comments?post=8052"}],"version-history":[{"count":26,"href":"https:\/\/bayrakcimetal.com.tr\/en\/wp-json\/wp\/v2\/pages\/8052\/revisions"}],"predecessor-version":[{"id":9570,"href":"https:\/\/bayrakcimetal.com.tr\/en\/wp-json\/wp\/v2\/pages\/8052\/revisions\/9570"}],"wp:attachment":[{"href":"https:\/\/bayrakcimetal.com.tr\/en\/wp-json\/wp\/v2\/media?parent=8052"}],"curies":[{"name":"wp","href":"https:\/\/api.w.org\/{rel}","templated":true}]}}