{"id":8056,"date":"2025-03-29T19:23:22","date_gmt":"2025-03-29T16:23:22","guid":{"rendered":"https:\/\/bayrakcimetal.com.tr\/?page_id=8056"},"modified":"2025-09-15T11:48:17","modified_gmt":"2025-09-15T08:48:17","slug":"imalat","status":"publish","type":"page","link":"https:\/\/bayrakcimetal.com.tr\/en\/manufacturing\/","title":{"rendered":"Manufacturing"},"content":{"rendered":"<div data-elementor-type=\"wp-page\" data-elementor-id=\"8056\" class=\"elementor elementor-8056\" data-elementor-post-type=\"page\">\n\t\t\t\t<div class=\"elementor-element elementor-element-2bd8611 e-flex e-con-boxed sc_layouts_column_icons_position_left e-con e-parent\" data-id=\"2bd8611\" data-element_type=\"container\">\n\t\t\t\t\t<div class=\"e-con-inner\">\n\t\t\t\t<div class=\"elementor-element elementor-element-a7ef0a7 sc_height_tiny elementor-widget__width-inherit exad-sticky-section-no exad-glass-effect-no elementor-widget elementor-widget-spacer\" data-id=\"a7ef0a7\" data-element_type=\"widget\" data-widget_type=\"spacer.default\">\n\t\t\t\t\t\t\t<div class=\"elementor-spacer\">\n\t\t\t<div class=\"elementor-spacer-inner\"><\/div>\n\t\t<\/div>\n\t\t\t\t\t\t<\/div>\n\t\t\t\t\t<\/div>\n\t\t\t\t<\/div>\n\t\t\t\t<section data-exad-particle-enable=\"false\" class=\"elementor-section elementor-top-section elementor-element elementor-element-2b7c66d2 elementor-section-boxed elementor-section-height-default elementor-section-height-default exad-parallax-effect-no exad-background-color-change-no exad-glass-effect-no exad-sticky-section-no sc_fly_static\" data-id=\"2b7c66d2\" data-element_type=\"section\" data-settings=\"{&quot;background_background&quot;:&quot;classic&quot;}\">\n\t\t\t\t\t\t<div class=\"elementor-container elementor-column-gap-extended\">\n\t\t\t\t\t<div class=\"elementor-column elementor-col-50 elementor-top-column elementor-element elementor-element-6ab33ad sc_content_align_inherit sc_layouts_column_icons_position_left exad-glass-effect-no exad-sticky-section-no sc_fly_static\" data-id=\"6ab33ad\" data-element_type=\"column\">\n\t\t\t<div class=\"elementor-widget-wrap elementor-element-populated\">\n\t\t\t\t\t\t<div class=\"elementor-element elementor-element-629d7d3 elementor-pagination-position-inside elementor-widget__width-initial elementor-arrows-position-inside exad-sticky-section-no exad-glass-effect-no elementor-widget elementor-widget-image-carousel\" data-id=\"629d7d3\" data-element_type=\"widget\" data-settings=\"{&quot;slides_to_show&quot;:&quot;1&quot;,&quot;navigation&quot;:&quot;both&quot;,&quot;autoplay&quot;:&quot;yes&quot;,&quot;pause_on_hover&quot;:&quot;yes&quot;,&quot;pause_on_interaction&quot;:&quot;yes&quot;,&quot;autoplay_speed&quot;:5000,&quot;infinite&quot;:&quot;yes&quot;,&quot;effect&quot;:&quot;slide&quot;,&quot;speed&quot;:500}\" data-widget_type=\"image-carousel.default\">\n\t\t\t\t\t\t\t<div class=\"elementor-image-carousel-wrapper swiper\" role=\"region\" aria-roledescription=\"carousel\" aria-label=\"Image Loop\" dir=\"ltr\">\n\t\t\t<div class=\"elementor-image-carousel swiper-wrapper\" aria-live=\"off\">\n\t\t\t\t\t\t\t\t<div class=\"swiper-slide\" role=\"group\" aria-roledescription=\"slide\" aria-label=\"1 of 1\" data-no-translation-aria-label=\"\"><figure class=\"swiper-slide-inner\"><img decoding=\"async\" class=\"swiper-slide-image\" src=\"https:\/\/bayrakcimetal.com.tr\/wp-content\/uploads\/2025\/03\/imalat.png\" alt=\"Manufacturing\" \/><\/figure><\/div>\t\t\t<\/div>\n\t\t\t\t\t<\/div>\n\t\t\t\t\t\t<\/div>\n\t\t\t\t<div class=\"elementor-element elementor-element-a457549 sc_height_tiny exad-sticky-section-no exad-glass-effect-no elementor-widget elementor-widget-spacer\" data-id=\"a457549\" data-element_type=\"widget\" data-widget_type=\"spacer.default\">\n\t\t\t\t\t\t\t<div class=\"elementor-spacer\">\n\t\t\t<div class=\"elementor-spacer-inner\"><\/div>\n\t\t<\/div>\n\t\t\t\t\t\t<\/div>\n\t\t\t\t\t<\/div>\n\t\t<\/div>\n\t\t\t\t<div class=\"elementor-column elementor-col-50 elementor-top-column elementor-element elementor-element-c2d9fa6 sc_content_align_inherit sc_layouts_column_icons_position_left exad-glass-effect-no exad-sticky-section-no sc_fly_static\" data-id=\"c2d9fa6\" data-element_type=\"column\">\n\t\t\t<div class=\"elementor-widget-wrap elementor-element-populated\">\n\t\t\t\t\t\t<div class=\"elementor-element elementor-element-70181742 sc_height_tiny exad-sticky-section-no exad-glass-effect-no elementor-widget elementor-widget-spacer\" data-id=\"70181742\" data-element_type=\"widget\" data-widget_type=\"spacer.default\">\n\t\t\t\t\t\t\t<div class=\"elementor-spacer\">\n\t\t\t<div class=\"elementor-spacer-inner\"><\/div>\n\t\t<\/div>\n\t\t\t\t\t\t<\/div>\n\t\t\t\t<div class=\"elementor-element elementor-element-6751de9c elementor-widget__width-initial exad-sticky-section-no exad-glass-effect-no sc_fly_static elementor-widget elementor-widget-trx_sc_title\" data-id=\"6751de9c\" data-element_type=\"widget\" data-widget_type=\"trx_sc_title.default\">\n\t\t\t\t<div class=\"elementor-widget-container\">\n\t\t\t\t\t<div\t\tclass=\"sc_title sc_title_default\" ><h1 class=\"sc_item_title sc_title_title sc_item_title_style_default sc_item_title_tag\"\n\t\t\t><span class=\"sc_item_title_text\">Manufacturing - Certified Production and Quality Controls<\/span><\/h1><div class=\"sc_item_descr sc_title_descr\"><p>The durability and safety of steel structures are directly related to production quality. Bayrak\u00e7\u0131 Metal carries out all the productions in its modern production track with high engineering and certified quality control systems.<\/p>\n<\/div><\/div>\t\t\t\t<\/div>\n\t\t\t\t<\/div>\n\t\t\t\t<div class=\"elementor-element elementor-element-a4d4bc5 sc_height_tiny exad-sticky-section-no exad-glass-effect-no elementor-widget elementor-widget-spacer\" data-id=\"a4d4bc5\" data-element_type=\"widget\" data-widget_type=\"spacer.default\">\n\t\t\t\t\t\t\t<div class=\"elementor-spacer\">\n\t\t\t<div class=\"elementor-spacer-inner\"><\/div>\n\t\t<\/div>\n\t\t\t\t\t\t<\/div>\n\t\t\t\t<div class=\"elementor-element elementor-element-6eb10265 exad-sticky-section-no exad-glass-effect-no elementor-widget elementor-widget-text-editor\" data-id=\"6eb10265\" data-element_type=\"widget\" data-widget_type=\"text-editor.default\">\n\t\t\t\t\t\t\t\t\t<p>The manufacturing process starts with CNC laser or plasma cutting according to the technical dimensions obtained from CAD drawings. Then the parts are joined with robotic welding systems. Automatic drilling, bending and shaping processes are performed with millimetre precision.<\/p><p>All manufactured parts are subjected to detailed tests by the quality control team. Procedures such as strength test, welding suitability test, galvanised coating thickness measurement are performed during and after production. Thus, error-free and long-lasting structures emerge.<\/p><p data-start=\"403\" data-end=\"656\"><!-- \/wp:paragraph --><!-- wp:paragraph --><\/p>\t\t\t\t\t\t\t\t<\/div>\n\t\t\t\t\t<\/div>\n\t\t<\/div>\n\t\t\t\t\t<\/div>\n\t\t<\/section>\n\t\t\t\t<section data-exad-particle-enable=\"false\" class=\"elementor-section elementor-top-section elementor-element elementor-element-19c38fd elementor-section-boxed elementor-section-height-default elementor-section-height-default exad-parallax-effect-no exad-background-color-change-no exad-glass-effect-no exad-sticky-section-no sc_fly_static\" data-id=\"19c38fd\" data-element_type=\"section\" data-settings=\"{&quot;background_background&quot;:&quot;classic&quot;}\">\n\t\t\t\t\t\t<div class=\"elementor-container elementor-column-gap-extended\">\n\t\t\t\t\t<div class=\"elementor-column elementor-col-100 elementor-top-column elementor-element elementor-element-647380e sc_content_align_inherit sc_layouts_column_icons_position_left exad-glass-effect-no exad-sticky-section-no sc_fly_static\" data-id=\"647380e\" data-element_type=\"column\">\n\t\t\t<div class=\"elementor-widget-wrap elementor-element-populated\">\n\t\t\t\t\t\t<div class=\"elementor-element elementor-element-581f4c65 exad-sticky-section-no exad-glass-effect-no sc_fly_static elementor-widget elementor-widget-trx_sc_title\" data-id=\"581f4c65\" data-element_type=\"widget\" data-widget_type=\"trx_sc_title.default\">\n\t\t\t\t<div class=\"elementor-widget-container\">\n\t\t\t\t\t<div\t\tclass=\"sc_title sc_title_default\" ><div class=\"sc_item_descr sc_title_descr\"><p>As Bayrakc\u0131 Metal, we are with you at all stages of your steel construction projects. We offer all the solutions you need from project design to manufacturing, from quality control processes to assembly in the field from a single source.<\/p>\n<p>You can contact us at talep@bayrakcimetal.com.tr for special design requests, steel mezzanine and mezzanine floors with the specifications you want. You can also contact us by filling out the form in the \"Contact\" section or via our phones. We provide service to all parts of Turkey, especially Istanbul.<\/p>\n<p>Although our headquarters is in Istanbul, we serve all over Turkey. You dream, we turn it into reality with our engineering power.<\/p>\n<\/div><div\tclass=\"sc_item_button sc_button_wrap sc_item_button sc_item_button_default sc_item_button_size_normal sc_title_button\"><a href=\"#teklifal\" class=\"sc_button sc_button_default sc_button_size_normal sc_button_icon_left\"><span class=\"sc_button_text\"><span class=\"sc_button_title\">Get Offer<\/span><\/span><\/a><\/div><\/div>\t\t\t\t<\/div>\n\t\t\t\t<\/div>\n\t\t\t\t\t<\/div>\n\t\t<\/div>\n\t\t\t\t\t<\/div>\n\t\t<\/section>\n\t\t<div class=\"elementor-element elementor-element-c200fa3 e-flex e-con-boxed sc_layouts_column_icons_position_left e-con e-parent\" data-id=\"c200fa3\" data-element_type=\"container\">\n\t\t\t\t\t<div class=\"e-con-inner\">\n\t\t\t\t<div class=\"elementor-element elementor-element-7194315 sc_height_small elementor-widget__width-inherit exad-sticky-section-no exad-glass-effect-no elementor-widget elementor-widget-spacer\" data-id=\"7194315\" data-element_type=\"widget\" data-widget_type=\"spacer.default\">\n\t\t\t\t\t\t\t<div class=\"elementor-spacer\">\n\t\t\t<div class=\"elementor-spacer-inner\"><\/div>\n\t\t<\/div>\n\t\t\t\t\t\t<\/div>\n\t\t\t\t\t<\/div>\n\t\t\t\t<\/div>\n\t\t\t\t<\/div>","protected":false},"excerpt":{"rendered":"<p>\u0130malat \u2013 Sertifikal\u0131 \u00dcretim ve Kalite Kontrolleri \u00c7elik yap\u0131lar\u0131n dayan\u0131kl\u0131l\u0131\u011f\u0131 ve g\u00fcvenli\u011fi, do\u011frudan \u00fcretim kalitesiyle ili\u015fkilidir. Bayrak\u00e7\u0131 Metal, modern \u00fcretim parkurunda ger\u00e7ekle\u015ftirdi\u011fi t\u00fcm imalatlar\u0131, y\u00fcksek m\u00fchendislik ve sertifikal\u0131 kalite kontrol&hellip;<\/p>","protected":false},"author":1,"featured_media":0,"parent":0,"menu_order":0,"comment_status":"closed","ping_status":"closed","template":"","meta":{"footnotes":""},"class_list":["post-8056","page","type-page","status-publish","hentry"],"yoast_head":"<!-- This site is optimized with the Yoast SEO Premium plugin v24.8 (Yoast SEO v24.8.1) - https:\/\/yoast.com\/wordpress\/plugins\/seo\/ -->\n<title>\u0130malat ve Sertifikal\u0131 \u00dcretim | Bayrakc\u0131 Metal \u00c7elik Konstr\u00fcksiyon<\/title>\n<meta name=\"description\" content=\"Bayrakc\u0131 Metal, modern \u00fcretim tesislerinde CNC kesim, robotik kaynak ve kalite kontrolleriyle sertifikal\u0131 \u00e7elik imalat \u00e7\u00f6z\u00fcmleri sunar.\" \/>\n<meta name=\"robots\" content=\"index, follow, max-snippet:-1, max-image-preview:large, max-video-preview:-1\" \/>\n<link rel=\"canonical\" href=\"https:\/\/bayrakcimetal.com.tr\/en\/manufacturing\/\" \/>\n<meta property=\"og:locale\" content=\"en_GB\" \/>\n<meta property=\"og:type\" content=\"article\" \/>\n<meta property=\"og:title\" content=\"\u0130malat\" \/>\n<meta property=\"og:description\" content=\"Bayrakc\u0131 Metal, modern \u00fcretim tesislerinde CNC kesim, robotik kaynak ve kalite kontrolleriyle sertifikal\u0131 \u00e7elik imalat \u00e7\u00f6z\u00fcmleri sunar.\" \/>\n<meta property=\"og:url\" content=\"https:\/\/bayrakcimetal.com.tr\/en\/manufacturing\/\" \/>\n<meta property=\"og:site_name\" content=\"Bayrakc\u0131 Metal \u2013 \u00c7elik Konstr\u00fcksiyon &amp; M\u00fchendislik\" \/>\n<meta property=\"article:publisher\" content=\"https:\/\/www.facebook.com\/bayrakcimetal\" \/>\n<meta property=\"article:modified_time\" content=\"2025-09-15T08:48:17+00:00\" \/>\n<meta property=\"og:image\" content=\"https:\/\/bayrakcimetal.com.tr\/wp-content\/uploads\/2025\/03\/imalat.png\" \/>\n<meta name=\"twitter:card\" content=\"summary_large_image\" \/>\n<meta name=\"twitter:site\" content=\"@bayrakcimetal\" \/>\n<meta name=\"twitter:label1\" content=\"Estimated reading time\" \/>\n\t<meta name=\"twitter:data1\" content=\"2 minutes\" \/>\n<script type=\"application\/ld+json\" class=\"yoast-schema-graph\">{\"@context\":\"https:\/\/schema.org\",\"@graph\":[{\"@type\":\"WebPage\",\"@id\":\"https:\/\/bayrakcimetal.com.tr\/imalat\/\",\"url\":\"https:\/\/bayrakcimetal.com.tr\/imalat\/\",\"name\":\"\u0130malat ve Sertifikal\u0131 \u00dcretim | Bayrakc\u0131 Metal \u00c7elik Konstr\u00fcksiyon\",\"isPartOf\":{\"@id\":\"https:\/\/bayrakcimetal.com.tr\/en\/#website\"},\"primaryImageOfPage\":{\"@id\":\"https:\/\/bayrakcimetal.com.tr\/imalat\/#primaryimage\"},\"image\":{\"@id\":\"https:\/\/bayrakcimetal.com.tr\/imalat\/#primaryimage\"},\"thumbnailUrl\":\"https:\/\/bayrakcimetal.com.tr\/wp-content\/uploads\/2025\/03\/imalat.png\",\"datePublished\":\"2025-03-29T16:23:22+00:00\",\"dateModified\":\"2025-09-15T08:48:17+00:00\",\"description\":\"Bayrakc\u0131 Metal, modern \u00fcretim tesislerinde CNC kesim, robotik kaynak ve kalite kontrolleriyle sertifikal\u0131 \u00e7elik imalat \u00e7\u00f6z\u00fcmleri sunar.\",\"breadcrumb\":{\"@id\":\"https:\/\/bayrakcimetal.com.tr\/imalat\/#breadcrumb\"},\"inLanguage\":\"en-GB\",\"potentialAction\":[{\"@type\":\"ReadAction\",\"target\":[\"https:\/\/bayrakcimetal.com.tr\/imalat\/\"]}]},{\"@type\":\"ImageObject\",\"inLanguage\":\"en-GB\",\"@id\":\"https:\/\/bayrakcimetal.com.tr\/imalat\/#primaryimage\",\"url\":\"https:\/\/bayrakcimetal.com.tr\/wp-content\/uploads\/2025\/03\/imalat.png\",\"contentUrl\":\"https:\/\/bayrakcimetal.com.tr\/wp-content\/uploads\/2025\/03\/imalat.png\"},{\"@type\":\"BreadcrumbList\",\"@id\":\"https:\/\/bayrakcimetal.com.tr\/imalat\/#breadcrumb\",\"itemListElement\":[{\"@type\":\"ListItem\",\"position\":1,\"name\":\"Anasayfa\",\"item\":\"https:\/\/bayrakcimetal.com.tr\/\"},{\"@type\":\"ListItem\",\"position\":2,\"name\":\"\u0130malat\"}]},{\"@type\":\"WebSite\",\"@id\":\"https:\/\/bayrakcimetal.com.tr\/en\/#website\",\"url\":\"https:\/\/bayrakcimetal.com.tr\/en\/\",\"name\":\"\u00c7elik Konstr\u00fcksiyon ve \u015eantiye Donan\u0131mlar\u0131 \u0130malat\u0131 | Bayrakc\u0131 Metal\",\"description\":\"G\u00fc\u00e7l\u00fc \u00c7\u00f6z\u00fcmler, G\u00fcvenilir Yap\u0131lar\",\"publisher\":{\"@id\":\"https:\/\/bayrakcimetal.com.tr\/en\/#organization\"},\"potentialAction\":[{\"@type\":\"SearchAction\",\"target\":{\"@type\":\"EntryPoint\",\"urlTemplate\":\"https:\/\/bayrakcimetal.com.tr\/en\/?s={search_term_string}\"},\"query-input\":{\"@type\":\"PropertyValueSpecification\",\"valueRequired\":true,\"valueName\":\"search_term_string\"}}],\"inLanguage\":\"en-GB\"},{\"@type\":\"Organization\",\"@id\":\"https:\/\/bayrakcimetal.com.tr\/en\/#organization\",\"name\":\"Bayrakc\u0131 \u0130n\u015faat Metal Sanayi Ticaret Limited \u015eirketi\",\"url\":\"https:\/\/bayrakcimetal.com.tr\/en\/\",\"logo\":{\"@type\":\"ImageObject\",\"inLanguage\":\"en-GB\",\"@id\":\"https:\/\/bayrakcimetal.com.tr\/en\/#\/schema\/logo\/image\/\",\"url\":\"https:\/\/bayrakcimetal.com.tr\/wp-content\/uploads\/2025\/09\/411975411_800495428757629_2559435011480789695_n.jpg\",\"contentUrl\":\"https:\/\/bayrakcimetal.com.tr\/wp-content\/uploads\/2025\/09\/411975411_800495428757629_2559435011480789695_n.jpg\",\"width\":1080,\"height\":1080,\"caption\":\"Bayrakc\u0131 \u0130n\u015faat Metal Sanayi Ticaret Limited \u015eirketi\"},\"image\":{\"@id\":\"https:\/\/bayrakcimetal.com.tr\/en\/#\/schema\/logo\/image\/\"},\"sameAs\":[\"https:\/\/www.facebook.com\/bayrakcimetal\",\"https:\/\/x.com\/bayrakcimetal\",\"https:\/\/www.instagram.com\/bayrakcimetal\/\",\"https:\/\/tr.linkedin.com\/company\/bayrakc-inaat-metal-san-ve-tic-ltd-ti-\"]}]}<\/script>\n<!-- \/ Yoast SEO Premium plugin. -->","yoast_head_json":{"title":"\u0130malat ve Sertifikal\u0131 \u00dcretim | Bayrakc\u0131 Metal \u00c7elik Konstr\u00fcksiyon","description":"Bayrakc\u0131 Metal, modern \u00fcretim tesislerinde CNC kesim, robotik kaynak ve kalite kontrolleriyle sertifikal\u0131 \u00e7elik imalat \u00e7\u00f6z\u00fcmleri sunar.","robots":{"index":"index","follow":"follow","max-snippet":"max-snippet:-1","max-image-preview":"max-image-preview:large","max-video-preview":"max-video-preview:-1"},"canonical":"https:\/\/bayrakcimetal.com.tr\/en\/manufacturing\/","og_locale":"en_GB","og_type":"article","og_title":"\u0130malat","og_description":"Bayrakc\u0131 Metal, modern \u00fcretim tesislerinde CNC kesim, robotik kaynak ve kalite kontrolleriyle sertifikal\u0131 \u00e7elik imalat \u00e7\u00f6z\u00fcmleri sunar.","og_url":"https:\/\/bayrakcimetal.com.tr\/en\/manufacturing\/","og_site_name":"Bayrakc\u0131 Metal \u2013 \u00c7elik Konstr\u00fcksiyon &amp; M\u00fchendislik","article_publisher":"https:\/\/www.facebook.com\/bayrakcimetal","article_modified_time":"2025-09-15T08:48:17+00:00","og_image":[{"url":"https:\/\/bayrakcimetal.com.tr\/wp-content\/uploads\/2025\/03\/imalat.png","type":"","width":"","height":""}],"twitter_card":"summary_large_image","twitter_site":"@bayrakcimetal","twitter_misc":{"Estimated reading time":"2 minutes"},"schema":{"@context":"https:\/\/schema.org","@graph":[{"@type":"WebPage","@id":"https:\/\/bayrakcimetal.com.tr\/imalat\/","url":"https:\/\/bayrakcimetal.com.tr\/imalat\/","name":"\u0130malat ve Sertifikal\u0131 \u00dcretim | Bayrakc\u0131 Metal \u00c7elik Konstr\u00fcksiyon","isPartOf":{"@id":"https:\/\/bayrakcimetal.com.tr\/en\/#website"},"primaryImageOfPage":{"@id":"https:\/\/bayrakcimetal.com.tr\/imalat\/#primaryimage"},"image":{"@id":"https:\/\/bayrakcimetal.com.tr\/imalat\/#primaryimage"},"thumbnailUrl":"https:\/\/bayrakcimetal.com.tr\/wp-content\/uploads\/2025\/03\/imalat.png","datePublished":"2025-03-29T16:23:22+00:00","dateModified":"2025-09-15T08:48:17+00:00","description":"Bayrakc\u0131 Metal, modern \u00fcretim tesislerinde CNC kesim, robotik kaynak ve kalite kontrolleriyle sertifikal\u0131 \u00e7elik imalat \u00e7\u00f6z\u00fcmleri sunar.","breadcrumb":{"@id":"https:\/\/bayrakcimetal.com.tr\/imalat\/#breadcrumb"},"inLanguage":"en-GB","potentialAction":[{"@type":"ReadAction","target":["https:\/\/bayrakcimetal.com.tr\/imalat\/"]}]},{"@type":"ImageObject","inLanguage":"en-GB","@id":"https:\/\/bayrakcimetal.com.tr\/imalat\/#primaryimage","url":"https:\/\/bayrakcimetal.com.tr\/wp-content\/uploads\/2025\/03\/imalat.png","contentUrl":"https:\/\/bayrakcimetal.com.tr\/wp-content\/uploads\/2025\/03\/imalat.png"},{"@type":"BreadcrumbList","@id":"https:\/\/bayrakcimetal.com.tr\/imalat\/#breadcrumb","itemListElement":[{"@type":"ListItem","position":1,"name":"Anasayfa","item":"https:\/\/bayrakcimetal.com.tr\/"},{"@type":"ListItem","position":2,"name":"\u0130malat"}]},{"@type":"WebSite","@id":"https:\/\/bayrakcimetal.com.tr\/en\/#website","url":"https:\/\/bayrakcimetal.com.tr\/en\/","name":"\u00c7elik Konstr\u00fcksiyon ve \u015eantiye Donan\u0131mlar\u0131 \u0130malat\u0131 | Bayrakc\u0131 Metal","description":"G\u00fc\u00e7l\u00fc \u00c7\u00f6z\u00fcmler, G\u00fcvenilir Yap\u0131lar","publisher":{"@id":"https:\/\/bayrakcimetal.com.tr\/en\/#organization"},"potentialAction":[{"@type":"SearchAction","target":{"@type":"EntryPoint","urlTemplate":"https:\/\/bayrakcimetal.com.tr\/en\/?s={search_term_string}"},"query-input":{"@type":"PropertyValueSpecification","valueRequired":true,"valueName":"search_term_string"}}],"inLanguage":"en-GB"},{"@type":"Organization","@id":"https:\/\/bayrakcimetal.com.tr\/en\/#organization","name":"Bayrakc\u0131 \u0130n\u015faat Metal Sanayi Ticaret Limited \u015eirketi","url":"https:\/\/bayrakcimetal.com.tr\/en\/","logo":{"@type":"ImageObject","inLanguage":"en-GB","@id":"https:\/\/bayrakcimetal.com.tr\/en\/#\/schema\/logo\/image\/","url":"https:\/\/bayrakcimetal.com.tr\/wp-content\/uploads\/2025\/09\/411975411_800495428757629_2559435011480789695_n.jpg","contentUrl":"https:\/\/bayrakcimetal.com.tr\/wp-content\/uploads\/2025\/09\/411975411_800495428757629_2559435011480789695_n.jpg","width":1080,"height":1080,"caption":"Bayrakc\u0131 \u0130n\u015faat Metal Sanayi Ticaret Limited \u015eirketi"},"image":{"@id":"https:\/\/bayrakcimetal.com.tr\/en\/#\/schema\/logo\/image\/"},"sameAs":["https:\/\/www.facebook.com\/bayrakcimetal","https:\/\/x.com\/bayrakcimetal","https:\/\/www.instagram.com\/bayrakcimetal\/","https:\/\/tr.linkedin.com\/company\/bayrakc-inaat-metal-san-ve-tic-ltd-ti-"]}]}},"_links":{"self":[{"href":"https:\/\/bayrakcimetal.com.tr\/en\/wp-json\/wp\/v2\/pages\/8056","targetHints":{"allow":["GET"]}}],"collection":[{"href":"https:\/\/bayrakcimetal.com.tr\/en\/wp-json\/wp\/v2\/pages"}],"about":[{"href":"https:\/\/bayrakcimetal.com.tr\/en\/wp-json\/wp\/v2\/types\/page"}],"author":[{"embeddable":true,"href":"https:\/\/bayrakcimetal.com.tr\/en\/wp-json\/wp\/v2\/users\/1"}],"replies":[{"embeddable":true,"href":"https:\/\/bayrakcimetal.com.tr\/en\/wp-json\/wp\/v2\/comments?post=8056"}],"version-history":[{"count":26,"href":"https:\/\/bayrakcimetal.com.tr\/en\/wp-json\/wp\/v2\/pages\/8056\/revisions"}],"predecessor-version":[{"id":9567,"href":"https:\/\/bayrakcimetal.com.tr\/en\/wp-json\/wp\/v2\/pages\/8056\/revisions\/9567"}],"wp:attachment":[{"href":"https:\/\/bayrakcimetal.com.tr\/en\/wp-json\/wp\/v2\/media?parent=8056"}],"curies":[{"name":"wp","href":"https:\/\/api.w.org\/{rel}","templated":true}]}}