{"id":8380,"date":"2025-04-01T00:56:58","date_gmt":"2025-03-31T21:56:58","guid":{"rendered":"https:\/\/bayrakcimetal.com.tr\/?page_id=8380"},"modified":"2025-04-01T01:48:01","modified_gmt":"2025-03-31T22:48:01","slug":"404-2","status":"publish","type":"page","link":"https:\/\/bayrakcimetal.com.tr\/en\/404-2\/","title":{"rendered":"404"},"content":{"rendered":"","protected":false},"excerpt":{"rendered":"","protected":false},"author":1,"featured_media":0,"parent":0,"menu_order":0,"comment_status":"closed","ping_status":"closed","template":"","meta":{"footnotes":""},"class_list":["post-8380","page","type-page","status-publish","hentry"],"yoast_head":"<!-- This site is optimized with the Yoast SEO Premium plugin v24.8 (Yoast SEO v24.8.1) - https:\/\/yoast.com\/wordpress\/plugins\/seo\/ -->\n<title>404 - Bayrakc\u0131 Metal \u2013 \u00c7elik Konstr\u00fcksiyon &amp; M\u00fchendislik<\/title>\n<meta name=\"robots\" content=\"index, follow, max-snippet:-1, max-image-preview:large, max-video-preview:-1\" \/>\n<link rel=\"canonical\" href=\"https:\/\/bayrakcimetal.com.tr\/en\/404-2\/\" \/>\n<meta property=\"og:locale\" content=\"en_GB\" \/>\n<meta property=\"og:type\" content=\"article\" \/>\n<meta property=\"og:title\" content=\"404\" \/>\n<meta property=\"og:url\" content=\"https:\/\/bayrakcimetal.com.tr\/en\/404-2\/\" \/>\n<meta property=\"og:site_name\" content=\"Bayrakc\u0131 Metal \u2013 \u00c7elik Konstr\u00fcksiyon &amp; M\u00fchendislik\" \/>\n<meta property=\"article:publisher\" content=\"https:\/\/www.facebook.com\/bayrakcimetal\" \/>\n<meta property=\"article:modified_time\" content=\"2025-03-31T22:48:01+00:00\" \/>\n<meta property=\"og:image\" content=\"https:\/\/bayrakcimetal.com.tr\/wp-content\/uploads\/2025\/09\/411975411_800495428757629_2559435011480789695_n.jpg\" \/>\n\t<meta property=\"og:image:width\" content=\"1080\" \/>\n\t<meta property=\"og:image:height\" content=\"1080\" \/>\n\t<meta property=\"og:image:type\" content=\"image\/jpeg\" \/>\n<meta name=\"twitter:card\" content=\"summary_large_image\" \/>\n<meta name=\"twitter:site\" content=\"@bayrakcimetal\" \/>\n<script type=\"application\/ld+json\" class=\"yoast-schema-graph\">{\"@context\":\"https:\/\/schema.org\",\"@graph\":[{\"@type\":\"WebPage\",\"@id\":\"https:\/\/bayrakcimetal.com.tr\/404-2\/\",\"url\":\"https:\/\/bayrakcimetal.com.tr\/404-2\/\",\"name\":\"404 - Bayrakc\u0131 Metal \u2013 \u00c7elik Konstr\u00fcksiyon &amp; M\u00fchendislik\",\"isPartOf\":{\"@id\":\"https:\/\/bayrakcimetal.com.tr\/en\/#website\"},\"datePublished\":\"2025-03-31T21:56:58+00:00\",\"dateModified\":\"2025-03-31T22:48:01+00:00\",\"breadcrumb\":{\"@id\":\"https:\/\/bayrakcimetal.com.tr\/404-2\/#breadcrumb\"},\"inLanguage\":\"en-GB\",\"potentialAction\":[{\"@type\":\"ReadAction\",\"target\":[\"https:\/\/bayrakcimetal.com.tr\/404-2\/\"]}]},{\"@type\":\"BreadcrumbList\",\"@id\":\"https:\/\/bayrakcimetal.com.tr\/404-2\/#breadcrumb\",\"itemListElement\":[{\"@type\":\"ListItem\",\"position\":1,\"name\":\"Anasayfa\",\"item\":\"https:\/\/bayrakcimetal.com.tr\/\"},{\"@type\":\"ListItem\",\"position\":2,\"name\":\"404\"}]},{\"@type\":\"WebSite\",\"@id\":\"https:\/\/bayrakcimetal.com.tr\/en\/#website\",\"url\":\"https:\/\/bayrakcimetal.com.tr\/en\/\",\"name\":\"\u00c7elik Konstr\u00fcksiyon ve \u015eantiye Donan\u0131mlar\u0131 \u0130malat\u0131 | Bayrakc\u0131 Metal\",\"description\":\"G\u00fc\u00e7l\u00fc \u00c7\u00f6z\u00fcmler, G\u00fcvenilir Yap\u0131lar\",\"publisher\":{\"@id\":\"https:\/\/bayrakcimetal.com.tr\/en\/#organization\"},\"potentialAction\":[{\"@type\":\"SearchAction\",\"target\":{\"@type\":\"EntryPoint\",\"urlTemplate\":\"https:\/\/bayrakcimetal.com.tr\/en\/?s={search_term_string}\"},\"query-input\":{\"@type\":\"PropertyValueSpecification\",\"valueRequired\":true,\"valueName\":\"search_term_string\"}}],\"inLanguage\":\"en-GB\"},{\"@type\":\"Organization\",\"@id\":\"https:\/\/bayrakcimetal.com.tr\/en\/#organization\",\"name\":\"Bayrakc\u0131 \u0130n\u015faat Metal Sanayi Ticaret Limited \u015eirketi\",\"url\":\"https:\/\/bayrakcimetal.com.tr\/en\/\",\"logo\":{\"@type\":\"ImageObject\",\"inLanguage\":\"en-GB\",\"@id\":\"https:\/\/bayrakcimetal.com.tr\/en\/#\/schema\/logo\/image\/\",\"url\":\"https:\/\/bayrakcimetal.com.tr\/wp-content\/uploads\/2025\/09\/411975411_800495428757629_2559435011480789695_n.jpg\",\"contentUrl\":\"https:\/\/bayrakcimetal.com.tr\/wp-content\/uploads\/2025\/09\/411975411_800495428757629_2559435011480789695_n.jpg\",\"width\":1080,\"height\":1080,\"caption\":\"Bayrakc\u0131 \u0130n\u015faat Metal Sanayi Ticaret Limited \u015eirketi\"},\"image\":{\"@id\":\"https:\/\/bayrakcimetal.com.tr\/en\/#\/schema\/logo\/image\/\"},\"sameAs\":[\"https:\/\/www.facebook.com\/bayrakcimetal\",\"https:\/\/x.com\/bayrakcimetal\",\"https:\/\/www.instagram.com\/bayrakcimetal\/\",\"https:\/\/tr.linkedin.com\/company\/bayrakc-inaat-metal-san-ve-tic-ltd-ti-\"]}]}<\/script>\n<!-- \/ Yoast SEO Premium plugin. -->","yoast_head_json":{"title":"404 - Bayrakc\u0131 Metal \u2013 \u00c7elik Konstr\u00fcksiyon &amp; M\u00fchendislik","robots":{"index":"index","follow":"follow","max-snippet":"max-snippet:-1","max-image-preview":"max-image-preview:large","max-video-preview":"max-video-preview:-1"},"canonical":"https:\/\/bayrakcimetal.com.tr\/en\/404-2\/","og_locale":"en_GB","og_type":"article","og_title":"404","og_url":"https:\/\/bayrakcimetal.com.tr\/en\/404-2\/","og_site_name":"Bayrakc\u0131 Metal \u2013 \u00c7elik Konstr\u00fcksiyon &amp; M\u00fchendislik","article_publisher":"https:\/\/www.facebook.com\/bayrakcimetal","article_modified_time":"2025-03-31T22:48:01+00:00","og_image":[{"width":1080,"height":1080,"url":"https:\/\/bayrakcimetal.com.tr\/wp-content\/uploads\/2025\/09\/411975411_800495428757629_2559435011480789695_n.jpg","type":"image\/jpeg"}],"twitter_card":"summary_large_image","twitter_site":"@bayrakcimetal","schema":{"@context":"https:\/\/schema.org","@graph":[{"@type":"WebPage","@id":"https:\/\/bayrakcimetal.com.tr\/404-2\/","url":"https:\/\/bayrakcimetal.com.tr\/404-2\/","name":"404 - Bayrakc\u0131 Metal \u2013 \u00c7elik Konstr\u00fcksiyon &amp; M\u00fchendislik","isPartOf":{"@id":"https:\/\/bayrakcimetal.com.tr\/en\/#website"},"datePublished":"2025-03-31T21:56:58+00:00","dateModified":"2025-03-31T22:48:01+00:00","breadcrumb":{"@id":"https:\/\/bayrakcimetal.com.tr\/404-2\/#breadcrumb"},"inLanguage":"en-GB","potentialAction":[{"@type":"ReadAction","target":["https:\/\/bayrakcimetal.com.tr\/404-2\/"]}]},{"@type":"BreadcrumbList","@id":"https:\/\/bayrakcimetal.com.tr\/404-2\/#breadcrumb","itemListElement":[{"@type":"ListItem","position":1,"name":"Anasayfa","item":"https:\/\/bayrakcimetal.com.tr\/"},{"@type":"ListItem","position":2,"name":"404"}]},{"@type":"WebSite","@id":"https:\/\/bayrakcimetal.com.tr\/en\/#website","url":"https:\/\/bayrakcimetal.com.tr\/en\/","name":"\u00c7elik Konstr\u00fcksiyon ve \u015eantiye Donan\u0131mlar\u0131 \u0130malat\u0131 | Bayrakc\u0131 Metal","description":"G\u00fc\u00e7l\u00fc \u00c7\u00f6z\u00fcmler, G\u00fcvenilir Yap\u0131lar","publisher":{"@id":"https:\/\/bayrakcimetal.com.tr\/en\/#organization"},"potentialAction":[{"@type":"SearchAction","target":{"@type":"EntryPoint","urlTemplate":"https:\/\/bayrakcimetal.com.tr\/en\/?s={search_term_string}"},"query-input":{"@type":"PropertyValueSpecification","valueRequired":true,"valueName":"search_term_string"}}],"inLanguage":"en-GB"},{"@type":"Organization","@id":"https:\/\/bayrakcimetal.com.tr\/en\/#organization","name":"Bayrakc\u0131 \u0130n\u015faat Metal Sanayi Ticaret Limited \u015eirketi","url":"https:\/\/bayrakcimetal.com.tr\/en\/","logo":{"@type":"ImageObject","inLanguage":"en-GB","@id":"https:\/\/bayrakcimetal.com.tr\/en\/#\/schema\/logo\/image\/","url":"https:\/\/bayrakcimetal.com.tr\/wp-content\/uploads\/2025\/09\/411975411_800495428757629_2559435011480789695_n.jpg","contentUrl":"https:\/\/bayrakcimetal.com.tr\/wp-content\/uploads\/2025\/09\/411975411_800495428757629_2559435011480789695_n.jpg","width":1080,"height":1080,"caption":"Bayrakc\u0131 \u0130n\u015faat Metal Sanayi Ticaret Limited \u015eirketi"},"image":{"@id":"https:\/\/bayrakcimetal.com.tr\/en\/#\/schema\/logo\/image\/"},"sameAs":["https:\/\/www.facebook.com\/bayrakcimetal","https:\/\/x.com\/bayrakcimetal","https:\/\/www.instagram.com\/bayrakcimetal\/","https:\/\/tr.linkedin.com\/company\/bayrakc-inaat-metal-san-ve-tic-ltd-ti-"]}]}},"_links":{"self":[{"href":"https:\/\/bayrakcimetal.com.tr\/en\/wp-json\/wp\/v2\/pages\/8380","targetHints":{"allow":["GET"]}}],"collection":[{"href":"https:\/\/bayrakcimetal.com.tr\/en\/wp-json\/wp\/v2\/pages"}],"about":[{"href":"https:\/\/bayrakcimetal.com.tr\/en\/wp-json\/wp\/v2\/types\/page"}],"author":[{"embeddable":true,"href":"https:\/\/bayrakcimetal.com.tr\/en\/wp-json\/wp\/v2\/users\/1"}],"replies":[{"embeddable":true,"href":"https:\/\/bayrakcimetal.com.tr\/en\/wp-json\/wp\/v2\/comments?post=8380"}],"version-history":[{"count":1,"href":"https:\/\/bayrakcimetal.com.tr\/en\/wp-json\/wp\/v2\/pages\/8380\/revisions"}],"predecessor-version":[{"id":8381,"href":"https:\/\/bayrakcimetal.com.tr\/en\/wp-json\/wp\/v2\/pages\/8380\/revisions\/8381"}],"wp:attachment":[{"href":"https:\/\/bayrakcimetal.com.tr\/en\/wp-json\/wp\/v2\/media?parent=8380"}],"curies":[{"name":"wp","href":"https:\/\/api.w.org\/{rel}","templated":true}]}}